{"id":9263,"date":"2021-12-27T10:56:37","date_gmt":"2021-12-27T13:56:37","guid":{"rendered":"https:\/\/www.museuhistoricosl.com.br\/loja\/produto\/ia004-fd-5086\/"},"modified":"2021-12-27T10:56:37","modified_gmt":"2021-12-27T13:56:37","slug":"ia004-fd-5086","status":"publish","type":"product","link":"https:\/\/www.museuhistoricosl.com.br\/loja\/produto\/ia004-fd-5086\/","title":{"rendered":"IA004-FD-5086"},"content":{"rendered":"<p>Cart\u00e3o Postal, Burgsponhein, evang. Kirche &#8211; C\u00f3digo anterior de cat\u00e1logo:IA004-FD-0086.5; Alemanha; <\/p>\n","protected":false},"excerpt":{"rendered":"<p>Cart\u00e3o Postal, Burgsponhein, evang. Kirche &#8211; C\u00f3digo anterior de cat\u00e1logo:IA004-FD-0086.5; Alemanha;<\/p>\n","protected":false},"featured_media":9262,"comment_status":"open","ping_status":"closed","template":"","meta":{"_acf_changed":false},"product_cat":[44],"product_tag":[],"class_list":["post-9263","product","type-product","status-publish","has-post-thumbnail","hentry","product_cat-alemanha"],"acf":[],"_links":{"self":[{"href":"https:\/\/www.museuhistoricosl.com.br\/loja\/wp-json\/wp\/v2\/product\/9263","targetHints":{"allow":["GET"]}}],"collection":[{"href":"https:\/\/www.museuhistoricosl.com.br\/loja\/wp-json\/wp\/v2\/product"}],"about":[{"href":"https:\/\/www.museuhistoricosl.com.br\/loja\/wp-json\/wp\/v2\/types\/product"}],"replies":[{"embeddable":true,"href":"https:\/\/www.museuhistoricosl.com.br\/loja\/wp-json\/wp\/v2\/comments?post=9263"}],"wp:featuredmedia":[{"embeddable":true,"href":"https:\/\/www.museuhistoricosl.com.br\/loja\/wp-json\/wp\/v2\/media\/9262"}],"wp:attachment":[{"href":"https:\/\/www.museuhistoricosl.com.br\/loja\/wp-json\/wp\/v2\/media?parent=9263"}],"wp:term":[{"taxonomy":"product_cat","embeddable":true,"href":"https:\/\/www.museuhistoricosl.com.br\/loja\/wp-json\/wp\/v2\/product_cat?post=9263"},{"taxonomy":"product_tag","embeddable":true,"href":"https:\/\/www.museuhistoricosl.com.br\/loja\/wp-json\/wp\/v2\/product_tag?post=9263"}],"curies":[{"name":"wp","href":"https:\/\/api.w.org\/{rel}","templated":true}]}}