{"id":9259,"date":"2021-12-27T10:56:36","date_gmt":"2021-12-27T13:56:36","guid":{"rendered":"https:\/\/www.museuhistoricosl.com.br\/loja\/produto\/ia004-fd-3118\/"},"modified":"2021-12-27T10:56:36","modified_gmt":"2021-12-27T13:56:36","slug":"ia004-fd-3118","status":"publish","type":"product","link":"https:\/\/www.museuhistoricosl.com.br\/loja\/produto\/ia004-fd-3118\/","title":{"rendered":"IA004-FD-3118"},"content":{"rendered":"<p>Fotos da Alemanha ntes da 2\u00aa Guerra mundial, Berlin &#8211; Pertencentes Tony Wolffenb\u00fcttel Grothey,  &#8211; C\u00f3digo anterior de cat\u00e1logo:IA004-FD-0118.3; Alemanha; <\/p>\n","protected":false},"excerpt":{"rendered":"<p>Fotos da Alemanha ntes da 2\u00aa Guerra mundial, Berlin &#8211; Pertencentes Tony Wolffenb\u00fcttel Grothey, &#8211; C\u00f3digo anterior de cat\u00e1logo:IA004-FD-0118.3; Alemanha;<\/p>\n","protected":false},"featured_media":9258,"comment_status":"open","ping_status":"closed","template":"","meta":{"_acf_changed":false},"product_cat":[44],"product_tag":[],"class_list":["post-9259","product","type-product","status-publish","has-post-thumbnail","hentry","product_cat-alemanha"],"acf":[],"_links":{"self":[{"href":"https:\/\/www.museuhistoricosl.com.br\/loja\/wp-json\/wp\/v2\/product\/9259","targetHints":{"allow":["GET"]}}],"collection":[{"href":"https:\/\/www.museuhistoricosl.com.br\/loja\/wp-json\/wp\/v2\/product"}],"about":[{"href":"https:\/\/www.museuhistoricosl.com.br\/loja\/wp-json\/wp\/v2\/types\/product"}],"replies":[{"embeddable":true,"href":"https:\/\/www.museuhistoricosl.com.br\/loja\/wp-json\/wp\/v2\/comments?post=9259"}],"wp:featuredmedia":[{"embeddable":true,"href":"https:\/\/www.museuhistoricosl.com.br\/loja\/wp-json\/wp\/v2\/media\/9258"}],"wp:attachment":[{"href":"https:\/\/www.museuhistoricosl.com.br\/loja\/wp-json\/wp\/v2\/media?parent=9259"}],"wp:term":[{"taxonomy":"product_cat","embeddable":true,"href":"https:\/\/www.museuhistoricosl.com.br\/loja\/wp-json\/wp\/v2\/product_cat?post=9259"},{"taxonomy":"product_tag","embeddable":true,"href":"https:\/\/www.museuhistoricosl.com.br\/loja\/wp-json\/wp\/v2\/product_tag?post=9259"}],"curies":[{"name":"wp","href":"https:\/\/api.w.org\/{rel}","templated":true}]}}