{"id":9113,"date":"2021-12-27T10:55:57","date_gmt":"2021-12-27T13:55:57","guid":{"rendered":"https:\/\/www.museuhistoricosl.com.br\/loja\/produto\/ia004-fd-0097\/"},"modified":"2021-12-27T10:55:57","modified_gmt":"2021-12-27T13:55:57","slug":"ia004-fd-0097","status":"publish","type":"product","link":"https:\/\/www.museuhistoricosl.com.br\/loja\/produto\/ia004-fd-0097\/","title":{"rendered":"IA004-FD-0097"},"content":{"rendered":"<p>Cart\u00e3o Postal, Universit\u00e4tsstadt T\u00fcbingen, 07\/01\/1988, Henrique Gr\u00fcbe; Alemanha; <\/p>\n","protected":false},"excerpt":{"rendered":"<p>Cart\u00e3o Postal, Universit\u00e4tsstadt T\u00fcbingen, 07\/01\/1988, Henrique Gr\u00fcbe; Alemanha;<\/p>\n","protected":false},"featured_media":9112,"comment_status":"open","ping_status":"closed","template":"","meta":{"_acf_changed":false},"product_cat":[44],"product_tag":[],"class_list":["post-9113","product","type-product","status-publish","has-post-thumbnail","hentry","product_cat-alemanha"],"acf":[],"_links":{"self":[{"href":"https:\/\/www.museuhistoricosl.com.br\/loja\/wp-json\/wp\/v2\/product\/9113","targetHints":{"allow":["GET"]}}],"collection":[{"href":"https:\/\/www.museuhistoricosl.com.br\/loja\/wp-json\/wp\/v2\/product"}],"about":[{"href":"https:\/\/www.museuhistoricosl.com.br\/loja\/wp-json\/wp\/v2\/types\/product"}],"replies":[{"embeddable":true,"href":"https:\/\/www.museuhistoricosl.com.br\/loja\/wp-json\/wp\/v2\/comments?post=9113"}],"wp:featuredmedia":[{"embeddable":true,"href":"https:\/\/www.museuhistoricosl.com.br\/loja\/wp-json\/wp\/v2\/media\/9112"}],"wp:attachment":[{"href":"https:\/\/www.museuhistoricosl.com.br\/loja\/wp-json\/wp\/v2\/media?parent=9113"}],"wp:term":[{"taxonomy":"product_cat","embeddable":true,"href":"https:\/\/www.museuhistoricosl.com.br\/loja\/wp-json\/wp\/v2\/product_cat?post=9113"},{"taxonomy":"product_tag","embeddable":true,"href":"https:\/\/www.museuhistoricosl.com.br\/loja\/wp-json\/wp\/v2\/product_tag?post=9113"}],"curies":[{"name":"wp","href":"https:\/\/api.w.org\/{rel}","templated":true}]}}