{"id":8327,"date":"2021-12-17T06:55:46","date_gmt":"2021-12-17T09:55:46","guid":{"rendered":"https:\/\/www.museuhistoricosl.com.br\/novosite\/produto\/sl100-fd-0038\/"},"modified":"2021-12-17T06:55:46","modified_gmt":"2021-12-17T09:55:46","slug":"sl100-fd-0038","status":"publish","type":"product","link":"https:\/\/www.museuhistoricosl.com.br\/loja\/produto\/sl100-fd-0038\/","title":{"rendered":"SL100-FD-0038"},"content":{"rendered":"<p>Constru\u00e7\u00e3o do Trensurb, Foto 12. Penso que os engenheiros n\u00e3o perguntaram aos moradores das redondezas como era o comportamento do arroio com chuva. Como eu moro, neste ano, h\u00e1 13 anos l\u00e1 perto, vi o arroio derramar v\u00e1riasvezes. Pois houve uma chuvinha e a canaliza\u00e7\u00e3o n\u00e3o suportou e o resultado est\u00e1 na foto. Telmo Lauro M\u00fcller &#8211; Dir. Museu, SL. 28\/07\/1997; Ferrovia; <\/p>\n","protected":false},"excerpt":{"rendered":"<p>Constru\u00e7\u00e3o do Trensurb, Foto 12. Penso que os engenheiros n\u00e3o perguntaram aos moradores das redondezas como era o comportamento do<\/p>\n","protected":false},"featured_media":8326,"comment_status":"open","ping_status":"closed","template":"","meta":{"_acf_changed":false},"product_cat":[42],"product_tag":[],"class_list":["post-8327","product","type-product","status-publish","has-post-thumbnail","hentry","product_cat-ferrovia"],"acf":[],"_links":{"self":[{"href":"https:\/\/www.museuhistoricosl.com.br\/loja\/wp-json\/wp\/v2\/product\/8327","targetHints":{"allow":["GET"]}}],"collection":[{"href":"https:\/\/www.museuhistoricosl.com.br\/loja\/wp-json\/wp\/v2\/product"}],"about":[{"href":"https:\/\/www.museuhistoricosl.com.br\/loja\/wp-json\/wp\/v2\/types\/product"}],"replies":[{"embeddable":true,"href":"https:\/\/www.museuhistoricosl.com.br\/loja\/wp-json\/wp\/v2\/comments?post=8327"}],"wp:featuredmedia":[{"embeddable":true,"href":"https:\/\/www.museuhistoricosl.com.br\/loja\/wp-json\/wp\/v2\/media\/8326"}],"wp:attachment":[{"href":"https:\/\/www.museuhistoricosl.com.br\/loja\/wp-json\/wp\/v2\/media?parent=8327"}],"wp:term":[{"taxonomy":"product_cat","embeddable":true,"href":"https:\/\/www.museuhistoricosl.com.br\/loja\/wp-json\/wp\/v2\/product_cat?post=8327"},{"taxonomy":"product_tag","embeddable":true,"href":"https:\/\/www.museuhistoricosl.com.br\/loja\/wp-json\/wp\/v2\/product_tag?post=8327"}],"curies":[{"name":"wp","href":"https:\/\/api.w.org\/{rel}","templated":true}]}}