{"id":8317,"date":"2021-12-17T06:55:45","date_gmt":"2021-12-17T09:55:45","guid":{"rendered":"https:\/\/www.museuhistoricosl.com.br\/novosite\/produto\/sl100-fd-0033\/"},"modified":"2021-12-17T06:55:45","modified_gmt":"2021-12-17T09:55:45","slug":"sl100-fd-0033","status":"publish","type":"product","link":"https:\/\/www.museuhistoricosl.com.br\/loja\/produto\/sl100-fd-0033\/","title":{"rendered":"SL100-FD-0033"},"content":{"rendered":"<p>Constru\u00e7\u00e3o do Trensurb, Foto 7. Agora a forma do concreto est\u00e1 pronta. Telmo Lauro M\u00fcller &#8211; Dir. Museu, SL. 28\/07\/1997; Ferrovia; <\/p>\n","protected":false},"excerpt":{"rendered":"<p>Constru\u00e7\u00e3o do Trensurb, Foto 7. Agora a forma do concreto est\u00e1 pronta. Telmo Lauro M\u00fcller &#8211; Dir. Museu, SL. 28\/07\/1997;<\/p>\n","protected":false},"featured_media":8316,"comment_status":"open","ping_status":"closed","template":"","meta":{"_acf_changed":false},"product_cat":[42],"product_tag":[],"class_list":["post-8317","product","type-product","status-publish","has-post-thumbnail","hentry","product_cat-ferrovia"],"acf":[],"_links":{"self":[{"href":"https:\/\/www.museuhistoricosl.com.br\/loja\/wp-json\/wp\/v2\/product\/8317","targetHints":{"allow":["GET"]}}],"collection":[{"href":"https:\/\/www.museuhistoricosl.com.br\/loja\/wp-json\/wp\/v2\/product"}],"about":[{"href":"https:\/\/www.museuhistoricosl.com.br\/loja\/wp-json\/wp\/v2\/types\/product"}],"replies":[{"embeddable":true,"href":"https:\/\/www.museuhistoricosl.com.br\/loja\/wp-json\/wp\/v2\/comments?post=8317"}],"wp:featuredmedia":[{"embeddable":true,"href":"https:\/\/www.museuhistoricosl.com.br\/loja\/wp-json\/wp\/v2\/media\/8316"}],"wp:attachment":[{"href":"https:\/\/www.museuhistoricosl.com.br\/loja\/wp-json\/wp\/v2\/media?parent=8317"}],"wp:term":[{"taxonomy":"product_cat","embeddable":true,"href":"https:\/\/www.museuhistoricosl.com.br\/loja\/wp-json\/wp\/v2\/product_cat?post=8317"},{"taxonomy":"product_tag","embeddable":true,"href":"https:\/\/www.museuhistoricosl.com.br\/loja\/wp-json\/wp\/v2\/product_tag?post=8317"}],"curies":[{"name":"wp","href":"https:\/\/api.w.org\/{rel}","templated":true}]}}