{"id":8313,"date":"2021-12-17T06:55:44","date_gmt":"2021-12-17T09:55:44","guid":{"rendered":"https:\/\/www.museuhistoricosl.com.br\/novosite\/produto\/sl100-fd-0031\/"},"modified":"2021-12-17T06:55:44","modified_gmt":"2021-12-17T09:55:44","slug":"sl100-fd-0031","status":"publish","type":"product","link":"https:\/\/www.museuhistoricosl.com.br\/loja\/produto\/sl100-fd-0031\/","title":{"rendered":"SL100-FD-0031"},"content":{"rendered":"<p>Constru\u00e7\u00e3o do Trensurb, Foto 6. Em cima dessa cruz era colocada a arma\u00e7\u00e3o de ferro para fazer a coluna. Tamb\u00e9m este guidaste era mais alto do que eu!!! Telmo Lauro M\u00fcller &#8211; Dir. Museu, SL. 28\/07\/1997; Ferrovia; <\/p>\n","protected":false},"excerpt":{"rendered":"<p>Constru\u00e7\u00e3o do Trensurb, Foto 6. Em cima dessa cruz era colocada a arma\u00e7\u00e3o de ferro para fazer a coluna. Tamb\u00e9m<\/p>\n","protected":false},"featured_media":8312,"comment_status":"open","ping_status":"closed","template":"","meta":{"_acf_changed":false},"product_cat":[42],"product_tag":[],"class_list":["post-8313","product","type-product","status-publish","has-post-thumbnail","hentry","product_cat-ferrovia"],"acf":[],"_links":{"self":[{"href":"https:\/\/www.museuhistoricosl.com.br\/loja\/wp-json\/wp\/v2\/product\/8313","targetHints":{"allow":["GET"]}}],"collection":[{"href":"https:\/\/www.museuhistoricosl.com.br\/loja\/wp-json\/wp\/v2\/product"}],"about":[{"href":"https:\/\/www.museuhistoricosl.com.br\/loja\/wp-json\/wp\/v2\/types\/product"}],"replies":[{"embeddable":true,"href":"https:\/\/www.museuhistoricosl.com.br\/loja\/wp-json\/wp\/v2\/comments?post=8313"}],"wp:featuredmedia":[{"embeddable":true,"href":"https:\/\/www.museuhistoricosl.com.br\/loja\/wp-json\/wp\/v2\/media\/8312"}],"wp:attachment":[{"href":"https:\/\/www.museuhistoricosl.com.br\/loja\/wp-json\/wp\/v2\/media?parent=8313"}],"wp:term":[{"taxonomy":"product_cat","embeddable":true,"href":"https:\/\/www.museuhistoricosl.com.br\/loja\/wp-json\/wp\/v2\/product_cat?post=8313"},{"taxonomy":"product_tag","embeddable":true,"href":"https:\/\/www.museuhistoricosl.com.br\/loja\/wp-json\/wp\/v2\/product_tag?post=8313"}],"curies":[{"name":"wp","href":"https:\/\/api.w.org\/{rel}","templated":true}]}}