{"id":8303,"date":"2021-12-17T06:55:41","date_gmt":"2021-12-17T09:55:41","guid":{"rendered":"https:\/\/www.museuhistoricosl.com.br\/novosite\/produto\/sl100-fd-0026\/"},"modified":"2021-12-17T06:55:41","modified_gmt":"2021-12-17T09:55:41","slug":"sl100-fd-0026","status":"publish","type":"product","link":"https:\/\/www.museuhistoricosl.com.br\/loja\/produto\/sl100-fd-0026\/","title":{"rendered":"SL100-FD-0026"},"content":{"rendered":"<p>Constru\u00e7\u00e3o do Trensurb, junto ao Museu do Trem (\u00e0 direita); Ferrovia; <\/p>\n","protected":false},"excerpt":{"rendered":"<p>Constru\u00e7\u00e3o do Trensurb, junto ao Museu do Trem (\u00e0 direita); Ferrovia;<\/p>\n","protected":false},"featured_media":8302,"comment_status":"open","ping_status":"closed","template":"","meta":{"_acf_changed":false},"product_cat":[42],"product_tag":[],"class_list":["post-8303","product","type-product","status-publish","has-post-thumbnail","hentry","product_cat-ferrovia"],"acf":[],"_links":{"self":[{"href":"https:\/\/www.museuhistoricosl.com.br\/loja\/wp-json\/wp\/v2\/product\/8303","targetHints":{"allow":["GET"]}}],"collection":[{"href":"https:\/\/www.museuhistoricosl.com.br\/loja\/wp-json\/wp\/v2\/product"}],"about":[{"href":"https:\/\/www.museuhistoricosl.com.br\/loja\/wp-json\/wp\/v2\/types\/product"}],"replies":[{"embeddable":true,"href":"https:\/\/www.museuhistoricosl.com.br\/loja\/wp-json\/wp\/v2\/comments?post=8303"}],"wp:featuredmedia":[{"embeddable":true,"href":"https:\/\/www.museuhistoricosl.com.br\/loja\/wp-json\/wp\/v2\/media\/8302"}],"wp:attachment":[{"href":"https:\/\/www.museuhistoricosl.com.br\/loja\/wp-json\/wp\/v2\/media?parent=8303"}],"wp:term":[{"taxonomy":"product_cat","embeddable":true,"href":"https:\/\/www.museuhistoricosl.com.br\/loja\/wp-json\/wp\/v2\/product_cat?post=8303"},{"taxonomy":"product_tag","embeddable":true,"href":"https:\/\/www.museuhistoricosl.com.br\/loja\/wp-json\/wp\/v2\/product_tag?post=8303"}],"curies":[{"name":"wp","href":"https:\/\/api.w.org\/{rel}","templated":true}]}}