{"id":8279,"date":"2021-12-17T06:55:38","date_gmt":"2021-12-17T09:55:38","guid":{"rendered":"https:\/\/www.museuhistoricosl.com.br\/novosite\/produto\/sl100-fd-0014\/"},"modified":"2021-12-17T06:55:38","modified_gmt":"2021-12-17T09:55:38","slug":"sl100-fd-0014","status":"publish","type":"product","link":"https:\/\/www.museuhistoricosl.com.br\/loja\/produto\/sl100-fd-0014\/","title":{"rendered":"SL100-FD-0014"},"content":{"rendered":"<p>Constru\u00e7\u00e3o do Trensurb, esta foto mostra a Av. Jo\u00e3o Goulart, que vai do Quatel 19BIMtz at\u00e9 o T\u00eanis Club. Eu moro numa rua \u00e0 esquerda da Avenida. E fui acompanhando todo esse trabalho, A foto mostra o momento em que as vigas foram colocadas sobre a Avenida e no dia seguinte eu passei por baixo delas. A cerca \u00e0 direita \u00e9 da f\u00e1brica Bins.; Ferrovia; <\/p>\n","protected":false},"excerpt":{"rendered":"<p>Constru\u00e7\u00e3o do Trensurb, esta foto mostra a Av. Jo\u00e3o Goulart, que vai do Quatel 19BIMtz at\u00e9 o T\u00eanis Club. Eu<\/p>\n","protected":false},"featured_media":8278,"comment_status":"open","ping_status":"closed","template":"","meta":{"_acf_changed":false},"product_cat":[42],"product_tag":[],"class_list":["post-8279","product","type-product","status-publish","has-post-thumbnail","hentry","product_cat-ferrovia"],"acf":[],"_links":{"self":[{"href":"https:\/\/www.museuhistoricosl.com.br\/loja\/wp-json\/wp\/v2\/product\/8279","targetHints":{"allow":["GET"]}}],"collection":[{"href":"https:\/\/www.museuhistoricosl.com.br\/loja\/wp-json\/wp\/v2\/product"}],"about":[{"href":"https:\/\/www.museuhistoricosl.com.br\/loja\/wp-json\/wp\/v2\/types\/product"}],"replies":[{"embeddable":true,"href":"https:\/\/www.museuhistoricosl.com.br\/loja\/wp-json\/wp\/v2\/comments?post=8279"}],"wp:featuredmedia":[{"embeddable":true,"href":"https:\/\/www.museuhistoricosl.com.br\/loja\/wp-json\/wp\/v2\/media\/8278"}],"wp:attachment":[{"href":"https:\/\/www.museuhistoricosl.com.br\/loja\/wp-json\/wp\/v2\/media?parent=8279"}],"wp:term":[{"taxonomy":"product_cat","embeddable":true,"href":"https:\/\/www.museuhistoricosl.com.br\/loja\/wp-json\/wp\/v2\/product_cat?post=8279"},{"taxonomy":"product_tag","embeddable":true,"href":"https:\/\/www.museuhistoricosl.com.br\/loja\/wp-json\/wp\/v2\/product_tag?post=8279"}],"curies":[{"name":"wp","href":"https:\/\/api.w.org\/{rel}","templated":true}]}}