{"id":7475,"date":"2021-12-16T16:18:13","date_gmt":"2021-12-16T19:18:13","guid":{"rendered":"https:\/\/www.museuhistoricosl.com.br\/novosite\/produto\/sl056-fd-0092\/"},"modified":"2021-12-16T16:18:13","modified_gmt":"2021-12-16T19:18:13","slug":"sl056-fd-0092","status":"publish","type":"product","link":"https:\/\/www.museuhistoricosl.com.br\/loja\/produto\/sl056-fd-0092\/","title":{"rendered":"SL056-FD-0092"},"content":{"rendered":"<p>Col\u00e9gio S\u00e3o Jos\u00e9 com muro na frente e Coqueiros, atual Faculdade de Filosofia; Igreja Cat\u00f3lica; <\/p>\n","protected":false},"excerpt":{"rendered":"<p>Col\u00e9gio S\u00e3o Jos\u00e9 com muro na frente e Coqueiros, atual Faculdade de Filosofia; Igreja Cat\u00f3lica;<\/p>\n","protected":false},"featured_media":7474,"comment_status":"open","ping_status":"closed","template":"","meta":{"_acf_changed":false},"product_cat":[41],"product_tag":[],"class_list":["post-7475","product","type-product","status-publish","has-post-thumbnail","hentry","product_cat-igreja-catolica"],"acf":[],"_links":{"self":[{"href":"https:\/\/www.museuhistoricosl.com.br\/loja\/wp-json\/wp\/v2\/product\/7475","targetHints":{"allow":["GET"]}}],"collection":[{"href":"https:\/\/www.museuhistoricosl.com.br\/loja\/wp-json\/wp\/v2\/product"}],"about":[{"href":"https:\/\/www.museuhistoricosl.com.br\/loja\/wp-json\/wp\/v2\/types\/product"}],"replies":[{"embeddable":true,"href":"https:\/\/www.museuhistoricosl.com.br\/loja\/wp-json\/wp\/v2\/comments?post=7475"}],"wp:featuredmedia":[{"embeddable":true,"href":"https:\/\/www.museuhistoricosl.com.br\/loja\/wp-json\/wp\/v2\/media\/7474"}],"wp:attachment":[{"href":"https:\/\/www.museuhistoricosl.com.br\/loja\/wp-json\/wp\/v2\/media?parent=7475"}],"wp:term":[{"taxonomy":"product_cat","embeddable":true,"href":"https:\/\/www.museuhistoricosl.com.br\/loja\/wp-json\/wp\/v2\/product_cat?post=7475"},{"taxonomy":"product_tag","embeddable":true,"href":"https:\/\/www.museuhistoricosl.com.br\/loja\/wp-json\/wp\/v2\/product_tag?post=7475"}],"curies":[{"name":"wp","href":"https:\/\/api.w.org\/{rel}","templated":true}]}}