{"id":7367,"date":"2021-12-16T16:17:48","date_gmt":"2021-12-16T19:17:48","guid":{"rendered":"https:\/\/www.museuhistoricosl.com.br\/novosite\/produto\/sl056-fd-0038\/"},"modified":"2021-12-16T16:17:48","modified_gmt":"2021-12-16T19:17:48","slug":"sl056-fd-0038","status":"publish","type":"product","link":"https:\/\/www.museuhistoricosl.com.br\/loja\/produto\/sl056-fd-0038\/","title":{"rendered":"SL056-FD-0038"},"content":{"rendered":"<p>1\u00ba Culto Ecum\u00eanico em S\u00e3o Leopoldo, Doador: Paul Victor Haas; Igreja Cat\u00f3lica; <\/p>\n","protected":false},"excerpt":{"rendered":"<p>1\u00ba Culto Ecum\u00eanico em S\u00e3o Leopoldo, Doador: Paul Victor Haas; Igreja Cat\u00f3lica;<\/p>\n","protected":false},"featured_media":7366,"comment_status":"open","ping_status":"closed","template":"","meta":{"_acf_changed":false},"product_cat":[41],"product_tag":[],"class_list":["post-7367","product","type-product","status-publish","has-post-thumbnail","hentry","product_cat-igreja-catolica"],"acf":[],"_links":{"self":[{"href":"https:\/\/www.museuhistoricosl.com.br\/loja\/wp-json\/wp\/v2\/product\/7367","targetHints":{"allow":["GET"]}}],"collection":[{"href":"https:\/\/www.museuhistoricosl.com.br\/loja\/wp-json\/wp\/v2\/product"}],"about":[{"href":"https:\/\/www.museuhistoricosl.com.br\/loja\/wp-json\/wp\/v2\/types\/product"}],"replies":[{"embeddable":true,"href":"https:\/\/www.museuhistoricosl.com.br\/loja\/wp-json\/wp\/v2\/comments?post=7367"}],"wp:featuredmedia":[{"embeddable":true,"href":"https:\/\/www.museuhistoricosl.com.br\/loja\/wp-json\/wp\/v2\/media\/7366"}],"wp:attachment":[{"href":"https:\/\/www.museuhistoricosl.com.br\/loja\/wp-json\/wp\/v2\/media?parent=7367"}],"wp:term":[{"taxonomy":"product_cat","embeddable":true,"href":"https:\/\/www.museuhistoricosl.com.br\/loja\/wp-json\/wp\/v2\/product_cat?post=7367"},{"taxonomy":"product_tag","embeddable":true,"href":"https:\/\/www.museuhistoricosl.com.br\/loja\/wp-json\/wp\/v2\/product_tag?post=7367"}],"curies":[{"name":"wp","href":"https:\/\/api.w.org\/{rel}","templated":true}]}}