{"id":7333,"date":"2021-12-16T16:17:41","date_gmt":"2021-12-16T19:17:41","guid":{"rendered":"https:\/\/www.museuhistoricosl.com.br\/novosite\/produto\/sl056-fd-0021\/"},"modified":"2021-12-16T16:17:41","modified_gmt":"2021-12-16T19:17:41","slug":"sl056-fd-0021","status":"publish","type":"product","link":"https:\/\/www.museuhistoricosl.com.br\/loja\/produto\/sl056-fd-0021\/","title":{"rendered":"SL056-FD-0021"},"content":{"rendered":"<p>Santu\u00e1rio Padre Reus Sagrado Cora\u00e7\u00e3o de Jesus, t\u00famulo do Padre Reus, 19\/04\/1984; Igreja Cat\u00f3lica; <\/p>\n","protected":false},"excerpt":{"rendered":"<p>Santu\u00e1rio Padre Reus Sagrado Cora\u00e7\u00e3o de Jesus, t\u00famulo do Padre Reus, 19\/04\/1984; Igreja Cat\u00f3lica;<\/p>\n","protected":false},"featured_media":7332,"comment_status":"open","ping_status":"closed","template":"","meta":{"_acf_changed":false},"product_cat":[41],"product_tag":[],"class_list":["post-7333","product","type-product","status-publish","has-post-thumbnail","hentry","product_cat-igreja-catolica"],"acf":[],"_links":{"self":[{"href":"https:\/\/www.museuhistoricosl.com.br\/loja\/wp-json\/wp\/v2\/product\/7333","targetHints":{"allow":["GET"]}}],"collection":[{"href":"https:\/\/www.museuhistoricosl.com.br\/loja\/wp-json\/wp\/v2\/product"}],"about":[{"href":"https:\/\/www.museuhistoricosl.com.br\/loja\/wp-json\/wp\/v2\/types\/product"}],"replies":[{"embeddable":true,"href":"https:\/\/www.museuhistoricosl.com.br\/loja\/wp-json\/wp\/v2\/comments?post=7333"}],"wp:featuredmedia":[{"embeddable":true,"href":"https:\/\/www.museuhistoricosl.com.br\/loja\/wp-json\/wp\/v2\/media\/7332"}],"wp:attachment":[{"href":"https:\/\/www.museuhistoricosl.com.br\/loja\/wp-json\/wp\/v2\/media?parent=7333"}],"wp:term":[{"taxonomy":"product_cat","embeddable":true,"href":"https:\/\/www.museuhistoricosl.com.br\/loja\/wp-json\/wp\/v2\/product_cat?post=7333"},{"taxonomy":"product_tag","embeddable":true,"href":"https:\/\/www.museuhistoricosl.com.br\/loja\/wp-json\/wp\/v2\/product_tag?post=7333"}],"curies":[{"name":"wp","href":"https:\/\/api.w.org\/{rel}","templated":true}]}}