{"id":7311,"date":"2021-12-16T16:17:38","date_gmt":"2021-12-16T19:17:38","guid":{"rendered":"https:\/\/www.museuhistoricosl.com.br\/novosite\/produto\/sl056-fd-0010\/"},"modified":"2021-12-16T16:17:38","modified_gmt":"2021-12-16T19:17:38","slug":"sl056-fd-0010","status":"publish","type":"product","link":"https:\/\/www.museuhistoricosl.com.br\/loja\/produto\/sl056-fd-0010\/","title":{"rendered":"SL056-FD-0010"},"content":{"rendered":"<p>Padre Antonio Ad\u00e3o Kessler, vig\u00e1rio da igreja S\u00e3o Jos\u00e9 Oper\u00e1rio, 28\/06\/1984; Igreja Cat\u00f3lica; <\/p>\n","protected":false},"excerpt":{"rendered":"<p>Padre Antonio Ad\u00e3o Kessler, vig\u00e1rio da igreja S\u00e3o Jos\u00e9 Oper\u00e1rio, 28\/06\/1984; Igreja Cat\u00f3lica;<\/p>\n","protected":false},"featured_media":7310,"comment_status":"open","ping_status":"closed","template":"","meta":{"_acf_changed":false},"product_cat":[41],"product_tag":[],"class_list":["post-7311","product","type-product","status-publish","has-post-thumbnail","hentry","product_cat-igreja-catolica"],"acf":[],"_links":{"self":[{"href":"https:\/\/www.museuhistoricosl.com.br\/loja\/wp-json\/wp\/v2\/product\/7311","targetHints":{"allow":["GET"]}}],"collection":[{"href":"https:\/\/www.museuhistoricosl.com.br\/loja\/wp-json\/wp\/v2\/product"}],"about":[{"href":"https:\/\/www.museuhistoricosl.com.br\/loja\/wp-json\/wp\/v2\/types\/product"}],"replies":[{"embeddable":true,"href":"https:\/\/www.museuhistoricosl.com.br\/loja\/wp-json\/wp\/v2\/comments?post=7311"}],"wp:featuredmedia":[{"embeddable":true,"href":"https:\/\/www.museuhistoricosl.com.br\/loja\/wp-json\/wp\/v2\/media\/7310"}],"wp:attachment":[{"href":"https:\/\/www.museuhistoricosl.com.br\/loja\/wp-json\/wp\/v2\/media?parent=7311"}],"wp:term":[{"taxonomy":"product_cat","embeddable":true,"href":"https:\/\/www.museuhistoricosl.com.br\/loja\/wp-json\/wp\/v2\/product_cat?post=7311"},{"taxonomy":"product_tag","embeddable":true,"href":"https:\/\/www.museuhistoricosl.com.br\/loja\/wp-json\/wp\/v2\/product_tag?post=7311"}],"curies":[{"name":"wp","href":"https:\/\/api.w.org\/{rel}","templated":true}]}}