{"id":7298,"date":"2021-12-16T15:51:36","date_gmt":"2021-12-16T18:51:36","guid":{"rendered":"https:\/\/www.museuhistoricosl.com.br\/novosite\/produto\/sl051-fd-2007\/"},"modified":"2021-12-16T15:51:36","modified_gmt":"2021-12-16T18:51:36","slug":"sl051-fd-2007","status":"publish","type":"product","link":"https:\/\/www.museuhistoricosl.com.br\/loja\/produto\/sl051-fd-2007\/","title":{"rendered":"SL051-FD-2007"},"content":{"rendered":"<p>Viam\u00e3o.  &#8211; C\u00f3digo anterior de cat\u00e1logo:FD 51,07b; Outros munic\u00edpios do Rio Grande do Sul; <\/p>\n","protected":false},"excerpt":{"rendered":"<p>Viam\u00e3o. &#8211; C\u00f3digo anterior de cat\u00e1logo:FD 51,07b; Outros munic\u00edpios do Rio Grande do Sul;<\/p>\n","protected":false},"featured_media":7297,"comment_status":"open","ping_status":"closed","template":"","meta":{"_acf_changed":false},"product_cat":[40],"product_tag":[],"class_list":["post-7298","product","type-product","status-publish","has-post-thumbnail","hentry","product_cat-outros-municipios-do-rio-grande-do-sul"],"acf":[],"_links":{"self":[{"href":"https:\/\/www.museuhistoricosl.com.br\/loja\/wp-json\/wp\/v2\/product\/7298","targetHints":{"allow":["GET"]}}],"collection":[{"href":"https:\/\/www.museuhistoricosl.com.br\/loja\/wp-json\/wp\/v2\/product"}],"about":[{"href":"https:\/\/www.museuhistoricosl.com.br\/loja\/wp-json\/wp\/v2\/types\/product"}],"replies":[{"embeddable":true,"href":"https:\/\/www.museuhistoricosl.com.br\/loja\/wp-json\/wp\/v2\/comments?post=7298"}],"wp:featuredmedia":[{"embeddable":true,"href":"https:\/\/www.museuhistoricosl.com.br\/loja\/wp-json\/wp\/v2\/media\/7297"}],"wp:attachment":[{"href":"https:\/\/www.museuhistoricosl.com.br\/loja\/wp-json\/wp\/v2\/media?parent=7298"}],"wp:term":[{"taxonomy":"product_cat","embeddable":true,"href":"https:\/\/www.museuhistoricosl.com.br\/loja\/wp-json\/wp\/v2\/product_cat?post=7298"},{"taxonomy":"product_tag","embeddable":true,"href":"https:\/\/www.museuhistoricosl.com.br\/loja\/wp-json\/wp\/v2\/product_tag?post=7298"}],"curies":[{"name":"wp","href":"https:\/\/api.w.org\/{rel}","templated":true}]}}