{"id":7262,"date":"2021-12-16T15:51:30","date_gmt":"2021-12-16T18:51:30","guid":{"rendered":"https:\/\/www.museuhistoricosl.com.br\/novosite\/produto\/sl051-fd-0352\/"},"modified":"2021-12-16T15:51:30","modified_gmt":"2021-12-16T18:51:30","slug":"sl051-fd-0352","status":"publish","type":"product","link":"https:\/\/www.museuhistoricosl.com.br\/loja\/produto\/sl051-fd-0352\/","title":{"rendered":"SL051-FD-0352"},"content":{"rendered":"<p>Picada Caf\u00e9, Aproximadamente no ano 1929, trabalhou-se na Picada Caf\u00e9, Nova Petr\u00f3polis na perfura\u00e7\u00e3o de um po\u00e7o de petr\u00f3leo, porem, os resultados foram negativos., O flagante fixa as instala\u00e7\u00f5es de perfura\u00e7\u00e3o; Outros munic\u00edpios do Rio Grande do Sul; <\/p>\n","protected":false},"excerpt":{"rendered":"<p>Picada Caf\u00e9, Aproximadamente no ano 1929, trabalhou-se na Picada Caf\u00e9, Nova Petr\u00f3polis na perfura\u00e7\u00e3o de um po\u00e7o de petr\u00f3leo, porem,<\/p>\n","protected":false},"featured_media":7261,"comment_status":"open","ping_status":"closed","template":"","meta":{"_acf_changed":false},"product_cat":[40],"product_tag":[],"class_list":["post-7262","product","type-product","status-publish","has-post-thumbnail","hentry","product_cat-outros-municipios-do-rio-grande-do-sul"],"acf":[],"_links":{"self":[{"href":"https:\/\/www.museuhistoricosl.com.br\/loja\/wp-json\/wp\/v2\/product\/7262","targetHints":{"allow":["GET"]}}],"collection":[{"href":"https:\/\/www.museuhistoricosl.com.br\/loja\/wp-json\/wp\/v2\/product"}],"about":[{"href":"https:\/\/www.museuhistoricosl.com.br\/loja\/wp-json\/wp\/v2\/types\/product"}],"replies":[{"embeddable":true,"href":"https:\/\/www.museuhistoricosl.com.br\/loja\/wp-json\/wp\/v2\/comments?post=7262"}],"wp:featuredmedia":[{"embeddable":true,"href":"https:\/\/www.museuhistoricosl.com.br\/loja\/wp-json\/wp\/v2\/media\/7261"}],"wp:attachment":[{"href":"https:\/\/www.museuhistoricosl.com.br\/loja\/wp-json\/wp\/v2\/media?parent=7262"}],"wp:term":[{"taxonomy":"product_cat","embeddable":true,"href":"https:\/\/www.museuhistoricosl.com.br\/loja\/wp-json\/wp\/v2\/product_cat?post=7262"},{"taxonomy":"product_tag","embeddable":true,"href":"https:\/\/www.museuhistoricosl.com.br\/loja\/wp-json\/wp\/v2\/product_tag?post=7262"}],"curies":[{"name":"wp","href":"https:\/\/api.w.org\/{rel}","templated":true}]}}