{"id":7240,"date":"2021-12-16T15:51:21","date_gmt":"2021-12-16T18:51:21","guid":{"rendered":"https:\/\/www.museuhistoricosl.com.br\/novosite\/produto\/sl051-fd-0341\/"},"modified":"2021-12-16T15:51:21","modified_gmt":"2021-12-16T18:51:21","slug":"sl051-fd-0341","status":"publish","type":"product","link":"https:\/\/www.museuhistoricosl.com.br\/loja\/produto\/sl051-fd-0341\/","title":{"rendered":"SL051-FD-0341"},"content":{"rendered":"<p>Carazinho, Esta\u00e7\u00e3o da V.F.R.G.S., Foto Moderna, Passo Fundo; Outros munic\u00edpios do Rio Grande do Sul; <\/p>\n","protected":false},"excerpt":{"rendered":"<p>Carazinho, Esta\u00e7\u00e3o da V.F.R.G.S., Foto Moderna, Passo Fundo; Outros munic\u00edpios do Rio Grande do Sul;<\/p>\n","protected":false},"featured_media":7239,"comment_status":"open","ping_status":"closed","template":"","meta":{"_acf_changed":false},"product_cat":[40],"product_tag":[],"class_list":["post-7240","product","type-product","status-publish","has-post-thumbnail","hentry","product_cat-outros-municipios-do-rio-grande-do-sul"],"acf":[],"_links":{"self":[{"href":"https:\/\/www.museuhistoricosl.com.br\/loja\/wp-json\/wp\/v2\/product\/7240","targetHints":{"allow":["GET"]}}],"collection":[{"href":"https:\/\/www.museuhistoricosl.com.br\/loja\/wp-json\/wp\/v2\/product"}],"about":[{"href":"https:\/\/www.museuhistoricosl.com.br\/loja\/wp-json\/wp\/v2\/types\/product"}],"replies":[{"embeddable":true,"href":"https:\/\/www.museuhistoricosl.com.br\/loja\/wp-json\/wp\/v2\/comments?post=7240"}],"wp:featuredmedia":[{"embeddable":true,"href":"https:\/\/www.museuhistoricosl.com.br\/loja\/wp-json\/wp\/v2\/media\/7239"}],"wp:attachment":[{"href":"https:\/\/www.museuhistoricosl.com.br\/loja\/wp-json\/wp\/v2\/media?parent=7240"}],"wp:term":[{"taxonomy":"product_cat","embeddable":true,"href":"https:\/\/www.museuhistoricosl.com.br\/loja\/wp-json\/wp\/v2\/product_cat?post=7240"},{"taxonomy":"product_tag","embeddable":true,"href":"https:\/\/www.museuhistoricosl.com.br\/loja\/wp-json\/wp\/v2\/product_tag?post=7240"}],"curies":[{"name":"wp","href":"https:\/\/api.w.org\/{rel}","templated":true}]}}