{"id":64055,"date":"2022-01-28T14:07:27","date_gmt":"2022-01-28T17:07:27","guid":{"rendered":"https:\/\/www.museuhistoricosl.com.br\/loja\/produto\/ia068-fd-0018\/"},"modified":"2022-05-13T09:16:10","modified_gmt":"2022-05-13T12:16:10","slug":"ia068-fd-0018","status":"publish","type":"product","link":"https:\/\/www.museuhistoricosl.com.br\/loja\/produto\/ia068-fd-0018\/","title":{"rendered":"IA068-FD-0018"},"content":{"rendered":"<p>O Musterreiter, Luiz Carlos Roberto D\u00f6rnte, Fotografia tirada em 1890, Doador: Dr. Roberto Jo\u00e3o D\u00f6rnte, 05\/10\/1974; Caixeiros-viajantes; <\/p>\n","protected":false},"excerpt":{"rendered":"<p>O Musterreiter, Luiz Carlos Roberto D\u00f6rnte, Fotografia tirada em 1890, Doador: Dr. Roberto Jo\u00e3o D\u00f6rnte, 05\/10\/1974; Caixeiros-viajantes;<\/p>\n","protected":false},"featured_media":64054,"comment_status":"open","ping_status":"closed","template":"","meta":{"_acf_changed":false},"product_cat":[135],"product_tag":[],"class_list":["post-64055","product","type-product","status-publish","has-post-thumbnail","hentry","product_cat-caixeiros-viajantes"],"acf":[],"_links":{"self":[{"href":"https:\/\/www.museuhistoricosl.com.br\/loja\/wp-json\/wp\/v2\/product\/64055","targetHints":{"allow":["GET"]}}],"collection":[{"href":"https:\/\/www.museuhistoricosl.com.br\/loja\/wp-json\/wp\/v2\/product"}],"about":[{"href":"https:\/\/www.museuhistoricosl.com.br\/loja\/wp-json\/wp\/v2\/types\/product"}],"replies":[{"embeddable":true,"href":"https:\/\/www.museuhistoricosl.com.br\/loja\/wp-json\/wp\/v2\/comments?post=64055"}],"wp:featuredmedia":[{"embeddable":true,"href":"https:\/\/www.museuhistoricosl.com.br\/loja\/wp-json\/wp\/v2\/media\/64054"}],"wp:attachment":[{"href":"https:\/\/www.museuhistoricosl.com.br\/loja\/wp-json\/wp\/v2\/media?parent=64055"}],"wp:term":[{"taxonomy":"product_cat","embeddable":true,"href":"https:\/\/www.museuhistoricosl.com.br\/loja\/wp-json\/wp\/v2\/product_cat?post=64055"},{"taxonomy":"product_tag","embeddable":true,"href":"https:\/\/www.museuhistoricosl.com.br\/loja\/wp-json\/wp\/v2\/product_tag?post=64055"}],"curies":[{"name":"wp","href":"https:\/\/api.w.org\/{rel}","templated":true}]}}