{"id":64049,"date":"2022-01-28T14:07:21","date_gmt":"2022-01-28T17:07:21","guid":{"rendered":"https:\/\/www.museuhistoricosl.com.br\/loja\/produto\/ia068-fd-0015\/"},"modified":"2022-01-28T14:07:21","modified_gmt":"2022-01-28T17:07:21","slug":"ia068-fd-0015","status":"publish","type":"product","link":"https:\/\/www.museuhistoricosl.com.br\/loja\/produto\/ia068-fd-0015\/","title":{"rendered":"IA068-FD-0015"},"content":{"rendered":"<p>Legenda da original: em Agudo, 80 km de Cachoeira do Sul, Hugo Gampp, Reinoedo Hamann, Keahe, Francisco Heller, S\u00e3o Musterreiter &#8220;Caixeiros Viagantes&#8221;, Photographia ambulante, Geraldo Sp\u00f6rl, Ex. Cal. Santo \u00c2ngelo; Caixeiros-viajantes; <\/p>\n","protected":false},"excerpt":{"rendered":"<p>Legenda da original: em Agudo, 80 km de Cachoeira do Sul, Hugo Gampp, Reinoedo Hamann, Keahe, Francisco Heller, S\u00e3o Musterreiter<\/p>\n","protected":false},"featured_media":64048,"comment_status":"open","ping_status":"closed","template":"","meta":{"_acf_changed":false},"product_cat":[135],"product_tag":[],"class_list":["post-64049","product","type-product","status-publish","has-post-thumbnail","hentry","product_cat-caixeiros-viajantes"],"acf":[],"_links":{"self":[{"href":"https:\/\/www.museuhistoricosl.com.br\/loja\/wp-json\/wp\/v2\/product\/64049","targetHints":{"allow":["GET"]}}],"collection":[{"href":"https:\/\/www.museuhistoricosl.com.br\/loja\/wp-json\/wp\/v2\/product"}],"about":[{"href":"https:\/\/www.museuhistoricosl.com.br\/loja\/wp-json\/wp\/v2\/types\/product"}],"replies":[{"embeddable":true,"href":"https:\/\/www.museuhistoricosl.com.br\/loja\/wp-json\/wp\/v2\/comments?post=64049"}],"wp:featuredmedia":[{"embeddable":true,"href":"https:\/\/www.museuhistoricosl.com.br\/loja\/wp-json\/wp\/v2\/media\/64048"}],"wp:attachment":[{"href":"https:\/\/www.museuhistoricosl.com.br\/loja\/wp-json\/wp\/v2\/media?parent=64049"}],"wp:term":[{"taxonomy":"product_cat","embeddable":true,"href":"https:\/\/www.museuhistoricosl.com.br\/loja\/wp-json\/wp\/v2\/product_cat?post=64049"},{"taxonomy":"product_tag","embeddable":true,"href":"https:\/\/www.museuhistoricosl.com.br\/loja\/wp-json\/wp\/v2\/product_tag?post=64049"}],"curies":[{"name":"wp","href":"https:\/\/api.w.org\/{rel}","templated":true}]}}