{"id":64025,"date":"2022-01-28T14:06:52","date_gmt":"2022-01-28T17:06:52","guid":{"rendered":"https:\/\/www.museuhistoricosl.com.br\/loja\/produto\/ia068-fd-0003\/"},"modified":"2022-01-28T14:06:52","modified_gmt":"2022-01-28T17:06:52","slug":"ia068-fd-0003","status":"publish","type":"product","link":"https:\/\/www.museuhistoricosl.com.br\/loja\/produto\/ia068-fd-0003\/","title":{"rendered":"IA068-FD-0003"},"content":{"rendered":"<p>O Musterreiter (caixeiro viajante) Alfredo Hoffman e o negro Jer\u00f4nimo.  &#8211; C\u00f3digo anterior de cat\u00e1logo:FD 68-3; Caixeiros-viajantes; Ajustar arquivo no D<\/p>\n","protected":false},"excerpt":{"rendered":"<p>O Musterreiter (caixeiro viajante) Alfredo Hoffman e o negro Jer\u00f4nimo. &#8211; C\u00f3digo anterior de cat\u00e1logo:FD 68-3; Caixeiros-viajantes; Ajustar arquivo no<\/p>\n","protected":false},"featured_media":64024,"comment_status":"open","ping_status":"closed","template":"","meta":{"_acf_changed":false},"product_cat":[135],"product_tag":[],"class_list":["post-64025","product","type-product","status-publish","has-post-thumbnail","hentry","product_cat-caixeiros-viajantes"],"acf":[],"_links":{"self":[{"href":"https:\/\/www.museuhistoricosl.com.br\/loja\/wp-json\/wp\/v2\/product\/64025","targetHints":{"allow":["GET"]}}],"collection":[{"href":"https:\/\/www.museuhistoricosl.com.br\/loja\/wp-json\/wp\/v2\/product"}],"about":[{"href":"https:\/\/www.museuhistoricosl.com.br\/loja\/wp-json\/wp\/v2\/types\/product"}],"replies":[{"embeddable":true,"href":"https:\/\/www.museuhistoricosl.com.br\/loja\/wp-json\/wp\/v2\/comments?post=64025"}],"wp:featuredmedia":[{"embeddable":true,"href":"https:\/\/www.museuhistoricosl.com.br\/loja\/wp-json\/wp\/v2\/media\/64024"}],"wp:attachment":[{"href":"https:\/\/www.museuhistoricosl.com.br\/loja\/wp-json\/wp\/v2\/media?parent=64025"}],"wp:term":[{"taxonomy":"product_cat","embeddable":true,"href":"https:\/\/www.museuhistoricosl.com.br\/loja\/wp-json\/wp\/v2\/product_cat?post=64025"},{"taxonomy":"product_tag","embeddable":true,"href":"https:\/\/www.museuhistoricosl.com.br\/loja\/wp-json\/wp\/v2\/product_tag?post=64025"}],"curies":[{"name":"wp","href":"https:\/\/api.w.org\/{rel}","templated":true}]}}