{"id":64023,"date":"2022-01-28T14:06:50","date_gmt":"2022-01-28T17:06:50","guid":{"rendered":"https:\/\/www.museuhistoricosl.com.br\/loja\/produto\/ia068-fd-0002\/"},"modified":"2022-01-28T14:06:50","modified_gmt":"2022-01-28T17:06:50","slug":"ia068-fd-0002","status":"publish","type":"product","link":"https:\/\/www.museuhistoricosl.com.br\/loja\/produto\/ia068-fd-0002\/","title":{"rendered":"IA068-FD-0002"},"content":{"rendered":"<p>Alto Feliz. Casa comercial ainda existente. Jacob Ruschel era casado com mo\u00e7a da fam\u00edlia Weisheimer. Na casa moravam duas filhas de Jacob Ruschel: Iria e Romeu.   &#8211; C\u00f3digo anterior de cat\u00e1logo:FD 68-2; Caixeiros-viajantes; Ajustar arquivo no D<\/p>\n","protected":false},"excerpt":{"rendered":"<p>Alto Feliz. Casa comercial ainda existente. Jacob Ruschel era casado com mo\u00e7a da fam\u00edlia Weisheimer. Na casa moravam duas filhas<\/p>\n","protected":false},"featured_media":64022,"comment_status":"open","ping_status":"closed","template":"","meta":{"_acf_changed":false},"product_cat":[135],"product_tag":[],"class_list":["post-64023","product","type-product","status-publish","has-post-thumbnail","hentry","product_cat-caixeiros-viajantes"],"acf":[],"_links":{"self":[{"href":"https:\/\/www.museuhistoricosl.com.br\/loja\/wp-json\/wp\/v2\/product\/64023","targetHints":{"allow":["GET"]}}],"collection":[{"href":"https:\/\/www.museuhistoricosl.com.br\/loja\/wp-json\/wp\/v2\/product"}],"about":[{"href":"https:\/\/www.museuhistoricosl.com.br\/loja\/wp-json\/wp\/v2\/types\/product"}],"replies":[{"embeddable":true,"href":"https:\/\/www.museuhistoricosl.com.br\/loja\/wp-json\/wp\/v2\/comments?post=64023"}],"wp:featuredmedia":[{"embeddable":true,"href":"https:\/\/www.museuhistoricosl.com.br\/loja\/wp-json\/wp\/v2\/media\/64022"}],"wp:attachment":[{"href":"https:\/\/www.museuhistoricosl.com.br\/loja\/wp-json\/wp\/v2\/media?parent=64023"}],"wp:term":[{"taxonomy":"product_cat","embeddable":true,"href":"https:\/\/www.museuhistoricosl.com.br\/loja\/wp-json\/wp\/v2\/product_cat?post=64023"},{"taxonomy":"product_tag","embeddable":true,"href":"https:\/\/www.museuhistoricosl.com.br\/loja\/wp-json\/wp\/v2\/product_tag?post=64023"}],"curies":[{"name":"wp","href":"https:\/\/api.w.org\/{rel}","templated":true}]}}