{"id":63725,"date":"2022-01-28T14:01:30","date_gmt":"2022-01-28T17:01:30","guid":{"rendered":"https:\/\/www.museuhistoricosl.com.br\/loja\/produto\/br047-fd-0187\/"},"modified":"2022-01-28T14:01:30","modified_gmt":"2022-01-28T17:01:30","slug":"br047-fd-0187","status":"publish","type":"product","link":"https:\/\/www.museuhistoricosl.com.br\/loja\/produto\/br047-fd-0187\/","title":{"rendered":"BR047-FD-0187"},"content":{"rendered":"<p>H\u00e4user zeile in Landshut, esist die typische Bauweise f\u00fco St\u00e4dle, die clende das Satz neiche gewordeu sind.; Brasil e Estrangeiro; <\/p>\n","protected":false},"excerpt":{"rendered":"<p>H\u00e4user zeile in Landshut, esist die typische Bauweise f\u00fco St\u00e4dle, die clende das Satz neiche gewordeu sind.; Brasil e Estrangeiro;<\/p>\n","protected":false},"featured_media":63724,"comment_status":"open","ping_status":"closed","template":"","meta":{"_acf_changed":false},"product_cat":[134],"product_tag":[],"class_list":["post-63725","product","type-product","status-publish","has-post-thumbnail","hentry","product_cat-brasil-e-estrangeiro"],"acf":[],"_links":{"self":[{"href":"https:\/\/www.museuhistoricosl.com.br\/loja\/wp-json\/wp\/v2\/product\/63725","targetHints":{"allow":["GET"]}}],"collection":[{"href":"https:\/\/www.museuhistoricosl.com.br\/loja\/wp-json\/wp\/v2\/product"}],"about":[{"href":"https:\/\/www.museuhistoricosl.com.br\/loja\/wp-json\/wp\/v2\/types\/product"}],"replies":[{"embeddable":true,"href":"https:\/\/www.museuhistoricosl.com.br\/loja\/wp-json\/wp\/v2\/comments?post=63725"}],"wp:featuredmedia":[{"embeddable":true,"href":"https:\/\/www.museuhistoricosl.com.br\/loja\/wp-json\/wp\/v2\/media\/63724"}],"wp:attachment":[{"href":"https:\/\/www.museuhistoricosl.com.br\/loja\/wp-json\/wp\/v2\/media?parent=63725"}],"wp:term":[{"taxonomy":"product_cat","embeddable":true,"href":"https:\/\/www.museuhistoricosl.com.br\/loja\/wp-json\/wp\/v2\/product_cat?post=63725"},{"taxonomy":"product_tag","embeddable":true,"href":"https:\/\/www.museuhistoricosl.com.br\/loja\/wp-json\/wp\/v2\/product_tag?post=63725"}],"curies":[{"name":"wp","href":"https:\/\/api.w.org\/{rel}","templated":true}]}}