{"id":63448,"date":"2022-01-28T13:53:20","date_gmt":"2022-01-28T16:53:20","guid":{"rendered":"https:\/\/www.museuhistoricosl.com.br\/loja\/produto\/br047-fd-0049\/"},"modified":"2022-01-28T13:53:20","modified_gmt":"2022-01-28T16:53:20","slug":"br047-fd-0049","status":"publish","type":"product","link":"https:\/\/www.museuhistoricosl.com.br\/loja\/produto\/br047-fd-0049\/","title":{"rendered":"BR047-FD-0049"},"content":{"rendered":"<p>Lembran\u00e7a de Goi\u00e2nia, Avenida Goi\u00e1s, Lembran\u00e7a do Prof. Paulo, out. 9, Altitude de Goi\u00e2nia 67 metros; Brasil e Estrangeiro; <\/p>\n","protected":false},"excerpt":{"rendered":"<p>Lembran\u00e7a de Goi\u00e2nia, Avenida Goi\u00e1s, Lembran\u00e7a do Prof. Paulo, out. 9, Altitude de Goi\u00e2nia 67 metros; Brasil e Estrangeiro;<\/p>\n","protected":false},"featured_media":63447,"comment_status":"open","ping_status":"closed","template":"","meta":{"_acf_changed":false},"product_cat":[134],"product_tag":[],"class_list":["post-63448","product","type-product","status-publish","has-post-thumbnail","hentry","product_cat-brasil-e-estrangeiro"],"acf":[],"_links":{"self":[{"href":"https:\/\/www.museuhistoricosl.com.br\/loja\/wp-json\/wp\/v2\/product\/63448","targetHints":{"allow":["GET"]}}],"collection":[{"href":"https:\/\/www.museuhistoricosl.com.br\/loja\/wp-json\/wp\/v2\/product"}],"about":[{"href":"https:\/\/www.museuhistoricosl.com.br\/loja\/wp-json\/wp\/v2\/types\/product"}],"replies":[{"embeddable":true,"href":"https:\/\/www.museuhistoricosl.com.br\/loja\/wp-json\/wp\/v2\/comments?post=63448"}],"wp:featuredmedia":[{"embeddable":true,"href":"https:\/\/www.museuhistoricosl.com.br\/loja\/wp-json\/wp\/v2\/media\/63447"}],"wp:attachment":[{"href":"https:\/\/www.museuhistoricosl.com.br\/loja\/wp-json\/wp\/v2\/media?parent=63448"}],"wp:term":[{"taxonomy":"product_cat","embeddable":true,"href":"https:\/\/www.museuhistoricosl.com.br\/loja\/wp-json\/wp\/v2\/product_cat?post=63448"},{"taxonomy":"product_tag","embeddable":true,"href":"https:\/\/www.museuhistoricosl.com.br\/loja\/wp-json\/wp\/v2\/product_tag?post=63448"}],"curies":[{"name":"wp","href":"https:\/\/api.w.org\/{rel}","templated":true}]}}