{"id":63410,"date":"2022-01-28T13:52:44","date_gmt":"2022-01-28T16:52:44","guid":{"rendered":"https:\/\/www.museuhistoricosl.com.br\/loja\/produto\/sl010-fd-0023\/"},"modified":"2022-01-28T13:52:44","modified_gmt":"2022-01-28T16:52:44","slug":"sl010-fd-0023","status":"publish","type":"product","link":"https:\/\/www.museuhistoricosl.com.br\/loja\/produto\/sl010-fd-0023\/","title":{"rendered":"SL010-FD-0023"},"content":{"rendered":"<p>Lembran\u00e7a de um jantar oferecido a Pelagio de Paula, 1- Artur M\u00fcller (gerente Banco Nacional Com\u00e9rcio) hoje Banespa (1996), 3- Filha Artur M\u00fcller, 2- (de \u00f3culos) Pel\u00e1gio de Paula, Doador Pelagio de paula; Banquetes &#8211; S\u00e3o Leopoldo; <\/p>\n","protected":false},"excerpt":{"rendered":"<p>Lembran\u00e7a de um jantar oferecido a Pelagio de Paula, 1- Artur M\u00fcller (gerente Banco Nacional Com\u00e9rcio) hoje Banespa (1996), 3-<\/p>\n","protected":false},"featured_media":63409,"comment_status":"open","ping_status":"closed","template":"","meta":{"_acf_changed":false},"product_cat":[133],"product_tag":[],"class_list":["post-63410","product","type-product","status-publish","has-post-thumbnail","hentry","product_cat-banquetes-sao-leopoldo"],"acf":[],"_links":{"self":[{"href":"https:\/\/www.museuhistoricosl.com.br\/loja\/wp-json\/wp\/v2\/product\/63410","targetHints":{"allow":["GET"]}}],"collection":[{"href":"https:\/\/www.museuhistoricosl.com.br\/loja\/wp-json\/wp\/v2\/product"}],"about":[{"href":"https:\/\/www.museuhistoricosl.com.br\/loja\/wp-json\/wp\/v2\/types\/product"}],"replies":[{"embeddable":true,"href":"https:\/\/www.museuhistoricosl.com.br\/loja\/wp-json\/wp\/v2\/comments?post=63410"}],"wp:featuredmedia":[{"embeddable":true,"href":"https:\/\/www.museuhistoricosl.com.br\/loja\/wp-json\/wp\/v2\/media\/63409"}],"wp:attachment":[{"href":"https:\/\/www.museuhistoricosl.com.br\/loja\/wp-json\/wp\/v2\/media?parent=63410"}],"wp:term":[{"taxonomy":"product_cat","embeddable":true,"href":"https:\/\/www.museuhistoricosl.com.br\/loja\/wp-json\/wp\/v2\/product_cat?post=63410"},{"taxonomy":"product_tag","embeddable":true,"href":"https:\/\/www.museuhistoricosl.com.br\/loja\/wp-json\/wp\/v2\/product_tag?post=63410"}],"curies":[{"name":"wp","href":"https:\/\/api.w.org\/{rel}","templated":true}]}}