{"id":63380,"date":"2022-01-28T13:52:02","date_gmt":"2022-01-28T16:52:02","guid":{"rendered":"https:\/\/www.museuhistoricosl.com.br\/loja\/produto\/sl010-fd-0008\/"},"modified":"2022-01-28T13:52:02","modified_gmt":"2022-01-28T16:52:02","slug":"sl010-fd-0008","status":"publish","type":"product","link":"https:\/\/www.museuhistoricosl.com.br\/loja\/produto\/sl010-fd-0008\/","title":{"rendered":"SL010-FD-0008"},"content":{"rendered":"<p>Sociedade Orpheu, Elei\u00e7\u00e3o Miss Orpheu, Vivian Schmidt, 31\/12\/1938, da esq. Para dir.: 1. Emilio Bender, 2. Luiz E. Schmidt, 3. Iracema Vilanova, 4. Dr. J\u00falio Vilanova, 5. Laura Rolim, 6. Jo\u00e3o S. Rolim, 7. ?, 8. Sra. Guimar\u00e3es (Nastor), 9. Marieta Blessmann,10. Othon Blessmann, 11. Nestor Guimar\u00e3es (atr\u00e1s), 12. Ligia Mohr, 13. Loiva Leiria, 14. Elpidio Azabuja, 15. Vivian Schmidt (miss Orpheu), 16. Valesca Berlitz, 17. Cel. Borges Fortes, 18. Magda Nabinger, 19. Ivona M\u00fcller, 20. Frida Weidle, 21. Augusto Weidle (cabe\u00e7a), 22. Elsa Mohr Stumpf, 23. Heitor Stumpf, 24. Ria Feldmnn, 25. Edgar Feldmann (cabe\u00e7a), 26. Sra. Cel. Borges Fortes, 27. Iris Schmidt, 28. Jos\u00e9 Vargas, 29. Otilia Vargas, 30. Ruth Schmidt (rosto), 31. Nadir Barreiro, 32. Dr. Egomar Edelweiss; Banquetes &#8211; S\u00e3o Leopoldo; <\/p>\n","protected":false},"excerpt":{"rendered":"<p>Sociedade Orpheu, Elei\u00e7\u00e3o Miss Orpheu, Vivian Schmidt, 31\/12\/1938, da esq. Para dir.: 1. Emilio Bender, 2. Luiz E. Schmidt, 3.<\/p>\n","protected":false},"featured_media":63379,"comment_status":"open","ping_status":"closed","template":"","meta":{"_acf_changed":false},"product_cat":[133],"product_tag":[],"class_list":["post-63380","product","type-product","status-publish","has-post-thumbnail","hentry","product_cat-banquetes-sao-leopoldo"],"acf":[],"_links":{"self":[{"href":"https:\/\/www.museuhistoricosl.com.br\/loja\/wp-json\/wp\/v2\/product\/63380","targetHints":{"allow":["GET"]}}],"collection":[{"href":"https:\/\/www.museuhistoricosl.com.br\/loja\/wp-json\/wp\/v2\/product"}],"about":[{"href":"https:\/\/www.museuhistoricosl.com.br\/loja\/wp-json\/wp\/v2\/types\/product"}],"replies":[{"embeddable":true,"href":"https:\/\/www.museuhistoricosl.com.br\/loja\/wp-json\/wp\/v2\/comments?post=63380"}],"wp:featuredmedia":[{"embeddable":true,"href":"https:\/\/www.museuhistoricosl.com.br\/loja\/wp-json\/wp\/v2\/media\/63379"}],"wp:attachment":[{"href":"https:\/\/www.museuhistoricosl.com.br\/loja\/wp-json\/wp\/v2\/media?parent=63380"}],"wp:term":[{"taxonomy":"product_cat","embeddable":true,"href":"https:\/\/www.museuhistoricosl.com.br\/loja\/wp-json\/wp\/v2\/product_cat?post=63380"},{"taxonomy":"product_tag","embeddable":true,"href":"https:\/\/www.museuhistoricosl.com.br\/loja\/wp-json\/wp\/v2\/product_tag?post=63380"}],"curies":[{"name":"wp","href":"https:\/\/api.w.org\/{rel}","templated":true}]}}