{"id":63157,"date":"2022-01-28T11:39:03","date_gmt":"2022-01-28T14:39:03","guid":{"rendered":"https:\/\/www.museuhistoricosl.com.br\/loja\/produto\/sl009-fd-0093\/"},"modified":"2022-01-28T11:39:03","modified_gmt":"2022-01-28T14:39:03","slug":"sl009-fd-0093","status":"publish","type":"product","link":"https:\/\/www.museuhistoricosl.com.br\/loja\/produto\/sl009-fd-0093\/","title":{"rendered":"SL009-FD-0093"},"content":{"rendered":"<p>Banco do Brasil, filas na frente ap\u00f3s mudan\u00e7a de hor\u00e1rio, 03\/1986; Bancos; <\/p>\n","protected":false},"excerpt":{"rendered":"<p>Banco do Brasil, filas na frente ap\u00f3s mudan\u00e7a de hor\u00e1rio, 03\/1986; Bancos;<\/p>\n","protected":false},"featured_media":63156,"comment_status":"open","ping_status":"closed","template":"","meta":{"_acf_changed":false},"product_cat":[132],"product_tag":[],"class_list":["post-63157","product","type-product","status-publish","has-post-thumbnail","hentry","product_cat-bancos"],"acf":[],"_links":{"self":[{"href":"https:\/\/www.museuhistoricosl.com.br\/loja\/wp-json\/wp\/v2\/product\/63157","targetHints":{"allow":["GET"]}}],"collection":[{"href":"https:\/\/www.museuhistoricosl.com.br\/loja\/wp-json\/wp\/v2\/product"}],"about":[{"href":"https:\/\/www.museuhistoricosl.com.br\/loja\/wp-json\/wp\/v2\/types\/product"}],"replies":[{"embeddable":true,"href":"https:\/\/www.museuhistoricosl.com.br\/loja\/wp-json\/wp\/v2\/comments?post=63157"}],"wp:featuredmedia":[{"embeddable":true,"href":"https:\/\/www.museuhistoricosl.com.br\/loja\/wp-json\/wp\/v2\/media\/63156"}],"wp:attachment":[{"href":"https:\/\/www.museuhistoricosl.com.br\/loja\/wp-json\/wp\/v2\/media?parent=63157"}],"wp:term":[{"taxonomy":"product_cat","embeddable":true,"href":"https:\/\/www.museuhistoricosl.com.br\/loja\/wp-json\/wp\/v2\/product_cat?post=63157"},{"taxonomy":"product_tag","embeddable":true,"href":"https:\/\/www.museuhistoricosl.com.br\/loja\/wp-json\/wp\/v2\/product_tag?post=63157"}],"curies":[{"name":"wp","href":"https:\/\/api.w.org\/{rel}","templated":true}]}}