{"id":63145,"date":"2022-01-28T11:38:55","date_gmt":"2022-01-28T14:38:55","guid":{"rendered":"https:\/\/www.museuhistoricosl.com.br\/loja\/produto\/sl009-fd-0087\/"},"modified":"2022-01-28T11:38:55","modified_gmt":"2022-01-28T14:38:55","slug":"sl009-fd-0087","status":"publish","type":"product","link":"https:\/\/www.museuhistoricosl.com.br\/loja\/produto\/sl009-fd-0087\/","title":{"rendered":"SL009-FD-0087"},"content":{"rendered":"<p>Inaugura\u00e7\u00e3o da Caixa Econ\u00f4mica Federal, pessoas identificadas, da esq. Para direita, com um tre\u00e7o \u00e0 tinta: Prof\u00aa Serena Boeckel (Diretora do Col\u00e9gio Elementar), Prof\u00aa. Natalia Mesquita (Col. El.), Cylon Rosa, Interventor do Estado Emilio Dexheimer, Jo\u00e3o Mello, Coletar Federal, 31\/08\/1938; Bancos; <\/p>\n","protected":false},"excerpt":{"rendered":"<p>Inaugura\u00e7\u00e3o da Caixa Econ\u00f4mica Federal, pessoas identificadas, da esq. Para direita, com um tre\u00e7o \u00e0 tinta: Prof\u00aa Serena Boeckel (Diretora<\/p>\n","protected":false},"featured_media":63144,"comment_status":"open","ping_status":"closed","template":"","meta":{"_acf_changed":false},"product_cat":[132],"product_tag":[],"class_list":["post-63145","product","type-product","status-publish","has-post-thumbnail","hentry","product_cat-bancos"],"acf":[],"_links":{"self":[{"href":"https:\/\/www.museuhistoricosl.com.br\/loja\/wp-json\/wp\/v2\/product\/63145","targetHints":{"allow":["GET"]}}],"collection":[{"href":"https:\/\/www.museuhistoricosl.com.br\/loja\/wp-json\/wp\/v2\/product"}],"about":[{"href":"https:\/\/www.museuhistoricosl.com.br\/loja\/wp-json\/wp\/v2\/types\/product"}],"replies":[{"embeddable":true,"href":"https:\/\/www.museuhistoricosl.com.br\/loja\/wp-json\/wp\/v2\/comments?post=63145"}],"wp:featuredmedia":[{"embeddable":true,"href":"https:\/\/www.museuhistoricosl.com.br\/loja\/wp-json\/wp\/v2\/media\/63144"}],"wp:attachment":[{"href":"https:\/\/www.museuhistoricosl.com.br\/loja\/wp-json\/wp\/v2\/media?parent=63145"}],"wp:term":[{"taxonomy":"product_cat","embeddable":true,"href":"https:\/\/www.museuhistoricosl.com.br\/loja\/wp-json\/wp\/v2\/product_cat?post=63145"},{"taxonomy":"product_tag","embeddable":true,"href":"https:\/\/www.museuhistoricosl.com.br\/loja\/wp-json\/wp\/v2\/product_tag?post=63145"}],"curies":[{"name":"wp","href":"https:\/\/api.w.org\/{rel}","templated":true}]}}