{"id":63143,"date":"2022-01-28T11:38:53","date_gmt":"2022-01-28T14:38:53","guid":{"rendered":"https:\/\/www.museuhistoricosl.com.br\/loja\/produto\/sl009-fd-0086\/"},"modified":"2022-01-28T11:38:53","modified_gmt":"2022-01-28T14:38:53","slug":"sl009-fd-0086","status":"publish","type":"product","link":"https:\/\/www.museuhistoricosl.com.br\/loja\/produto\/sl009-fd-0086\/","title":{"rendered":"SL009-FD-0086"},"content":{"rendered":"<p>Inaugura\u00e7\u00e3o dos servi\u00e7os mecanisados, na ag\u00eancia de S\u00e3o Leopoldo, 04\/05\/1942, esq. Para direita: 1. ?, 2. ? H. Matte, 3. ?, 4. Parahim Lustosa, 5. Henrique Luiz Raenle?, 6. ?, 7. Olhm Blessmann, 8. Wesrphalen (Gerente), 9. Ricardo Rossi, 10. Esteves, 11. ?; Bancos; <\/p>\n","protected":false},"excerpt":{"rendered":"<p>Inaugura\u00e7\u00e3o dos servi\u00e7os mecanisados, na ag\u00eancia de S\u00e3o Leopoldo, 04\/05\/1942, esq. Para direita: 1. ?, 2. ? H. Matte, 3.<\/p>\n","protected":false},"featured_media":63142,"comment_status":"open","ping_status":"closed","template":"","meta":{"_acf_changed":false},"product_cat":[132],"product_tag":[],"class_list":["post-63143","product","type-product","status-publish","has-post-thumbnail","hentry","product_cat-bancos"],"acf":[],"_links":{"self":[{"href":"https:\/\/www.museuhistoricosl.com.br\/loja\/wp-json\/wp\/v2\/product\/63143","targetHints":{"allow":["GET"]}}],"collection":[{"href":"https:\/\/www.museuhistoricosl.com.br\/loja\/wp-json\/wp\/v2\/product"}],"about":[{"href":"https:\/\/www.museuhistoricosl.com.br\/loja\/wp-json\/wp\/v2\/types\/product"}],"replies":[{"embeddable":true,"href":"https:\/\/www.museuhistoricosl.com.br\/loja\/wp-json\/wp\/v2\/comments?post=63143"}],"wp:featuredmedia":[{"embeddable":true,"href":"https:\/\/www.museuhistoricosl.com.br\/loja\/wp-json\/wp\/v2\/media\/63142"}],"wp:attachment":[{"href":"https:\/\/www.museuhistoricosl.com.br\/loja\/wp-json\/wp\/v2\/media?parent=63143"}],"wp:term":[{"taxonomy":"product_cat","embeddable":true,"href":"https:\/\/www.museuhistoricosl.com.br\/loja\/wp-json\/wp\/v2\/product_cat?post=63143"},{"taxonomy":"product_tag","embeddable":true,"href":"https:\/\/www.museuhistoricosl.com.br\/loja\/wp-json\/wp\/v2\/product_tag?post=63143"}],"curies":[{"name":"wp","href":"https:\/\/api.w.org\/{rel}","templated":true}]}}