{"id":63113,"date":"2022-01-28T11:38:29","date_gmt":"2022-01-28T14:38:29","guid":{"rendered":"https:\/\/www.museuhistoricosl.com.br\/loja\/produto\/sl009-fd-0071\/"},"modified":"2022-01-28T11:38:29","modified_gmt":"2022-01-28T14:38:29","slug":"sl009-fd-0071","status":"publish","type":"product","link":"https:\/\/www.museuhistoricosl.com.br\/loja\/produto\/sl009-fd-0071\/","title":{"rendered":"SL009-FD-0071"},"content":{"rendered":"<p>Inaugura\u00e7\u00e3o da Fin-Hab, Gil Abott Beck, Em\u00edlio Otto Kaminski, Pe. Edu Aguiar, Ciro Tavares de Oliveira e esposa, e Paulo Kobolt, 18\/04\/1983; Bancos; <\/p>\n","protected":false},"excerpt":{"rendered":"<p>Inaugura\u00e7\u00e3o da Fin-Hab, Gil Abott Beck, Em\u00edlio Otto Kaminski, Pe. Edu Aguiar, Ciro Tavares de Oliveira e esposa, e Paulo<\/p>\n","protected":false},"featured_media":63112,"comment_status":"open","ping_status":"closed","template":"","meta":{"_acf_changed":false},"product_cat":[132],"product_tag":[],"class_list":["post-63113","product","type-product","status-publish","has-post-thumbnail","hentry","product_cat-bancos"],"acf":[],"_links":{"self":[{"href":"https:\/\/www.museuhistoricosl.com.br\/loja\/wp-json\/wp\/v2\/product\/63113","targetHints":{"allow":["GET"]}}],"collection":[{"href":"https:\/\/www.museuhistoricosl.com.br\/loja\/wp-json\/wp\/v2\/product"}],"about":[{"href":"https:\/\/www.museuhistoricosl.com.br\/loja\/wp-json\/wp\/v2\/types\/product"}],"replies":[{"embeddable":true,"href":"https:\/\/www.museuhistoricosl.com.br\/loja\/wp-json\/wp\/v2\/comments?post=63113"}],"wp:featuredmedia":[{"embeddable":true,"href":"https:\/\/www.museuhistoricosl.com.br\/loja\/wp-json\/wp\/v2\/media\/63112"}],"wp:attachment":[{"href":"https:\/\/www.museuhistoricosl.com.br\/loja\/wp-json\/wp\/v2\/media?parent=63113"}],"wp:term":[{"taxonomy":"product_cat","embeddable":true,"href":"https:\/\/www.museuhistoricosl.com.br\/loja\/wp-json\/wp\/v2\/product_cat?post=63113"},{"taxonomy":"product_tag","embeddable":true,"href":"https:\/\/www.museuhistoricosl.com.br\/loja\/wp-json\/wp\/v2\/product_tag?post=63113"}],"curies":[{"name":"wp","href":"https:\/\/api.w.org\/{rel}","templated":true}]}}