{"id":6310,"date":"2021-12-16T15:46:48","date_gmt":"2021-12-16T18:46:48","guid":{"rendered":"https:\/\/www.museuhistoricosl.com.br\/novosite\/produto\/rs051-fd-0379\/"},"modified":"2021-12-16T15:46:48","modified_gmt":"2021-12-16T18:46:48","slug":"rs051-fd-0379","status":"publish","type":"product","link":"https:\/\/www.museuhistoricosl.com.br\/loja\/produto\/rs051-fd-0379\/","title":{"rendered":"RS051-FD-0379"},"content":{"rendered":"<p>F\u00e1brica de Cal\u00e7ados Marcela Crihis, Port\u00e3o; Outros munic\u00edpios do Rio Grande do Sul; <\/p>\n","protected":false},"excerpt":{"rendered":"<p>F\u00e1brica de Cal\u00e7ados Marcela Crihis, Port\u00e3o; Outros munic\u00edpios do Rio Grande do Sul;<\/p>\n","protected":false},"featured_media":6309,"comment_status":"open","ping_status":"closed","template":"","meta":{"_acf_changed":false},"product_cat":[40],"product_tag":[],"class_list":["post-6310","product","type-product","status-publish","has-post-thumbnail","hentry","product_cat-outros-municipios-do-rio-grande-do-sul"],"acf":[],"_links":{"self":[{"href":"https:\/\/www.museuhistoricosl.com.br\/loja\/wp-json\/wp\/v2\/product\/6310","targetHints":{"allow":["GET"]}}],"collection":[{"href":"https:\/\/www.museuhistoricosl.com.br\/loja\/wp-json\/wp\/v2\/product"}],"about":[{"href":"https:\/\/www.museuhistoricosl.com.br\/loja\/wp-json\/wp\/v2\/types\/product"}],"replies":[{"embeddable":true,"href":"https:\/\/www.museuhistoricosl.com.br\/loja\/wp-json\/wp\/v2\/comments?post=6310"}],"wp:featuredmedia":[{"embeddable":true,"href":"https:\/\/www.museuhistoricosl.com.br\/loja\/wp-json\/wp\/v2\/media\/6309"}],"wp:attachment":[{"href":"https:\/\/www.museuhistoricosl.com.br\/loja\/wp-json\/wp\/v2\/media?parent=6310"}],"wp:term":[{"taxonomy":"product_cat","embeddable":true,"href":"https:\/\/www.museuhistoricosl.com.br\/loja\/wp-json\/wp\/v2\/product_cat?post=6310"},{"taxonomy":"product_tag","embeddable":true,"href":"https:\/\/www.museuhistoricosl.com.br\/loja\/wp-json\/wp\/v2\/product_tag?post=6310"}],"curies":[{"name":"wp","href":"https:\/\/api.w.org\/{rel}","templated":true}]}}