{"id":63067,"date":"2022-01-28T11:37:45","date_gmt":"2022-01-28T14:37:45","guid":{"rendered":"https:\/\/www.museuhistoricosl.com.br\/loja\/produto\/sl009-fd-0048\/"},"modified":"2022-01-28T11:37:45","modified_gmt":"2022-01-28T14:37:45","slug":"sl009-fd-0048","status":"publish","type":"product","link":"https:\/\/www.museuhistoricosl.com.br\/loja\/produto\/sl009-fd-0048\/","title":{"rendered":"SL009-FD-0048"},"content":{"rendered":"<p>Reuni\u00e3o com os funcion\u00e1rios da Habitasul e Sul Brasileiro na sede do sindicato dos Comerci\u00e1rio; Bancos; <\/p>\n","protected":false},"excerpt":{"rendered":"<p>Reuni\u00e3o com os funcion\u00e1rios da Habitasul e Sul Brasileiro na sede do sindicato dos Comerci\u00e1rio; Bancos;<\/p>\n","protected":false},"featured_media":63066,"comment_status":"open","ping_status":"closed","template":"","meta":{"_acf_changed":false},"product_cat":[132],"product_tag":[],"class_list":["post-63067","product","type-product","status-publish","has-post-thumbnail","hentry","product_cat-bancos"],"acf":[],"_links":{"self":[{"href":"https:\/\/www.museuhistoricosl.com.br\/loja\/wp-json\/wp\/v2\/product\/63067","targetHints":{"allow":["GET"]}}],"collection":[{"href":"https:\/\/www.museuhistoricosl.com.br\/loja\/wp-json\/wp\/v2\/product"}],"about":[{"href":"https:\/\/www.museuhistoricosl.com.br\/loja\/wp-json\/wp\/v2\/types\/product"}],"replies":[{"embeddable":true,"href":"https:\/\/www.museuhistoricosl.com.br\/loja\/wp-json\/wp\/v2\/comments?post=63067"}],"wp:featuredmedia":[{"embeddable":true,"href":"https:\/\/www.museuhistoricosl.com.br\/loja\/wp-json\/wp\/v2\/media\/63066"}],"wp:attachment":[{"href":"https:\/\/www.museuhistoricosl.com.br\/loja\/wp-json\/wp\/v2\/media?parent=63067"}],"wp:term":[{"taxonomy":"product_cat","embeddable":true,"href":"https:\/\/www.museuhistoricosl.com.br\/loja\/wp-json\/wp\/v2\/product_cat?post=63067"},{"taxonomy":"product_tag","embeddable":true,"href":"https:\/\/www.museuhistoricosl.com.br\/loja\/wp-json\/wp\/v2\/product_tag?post=63067"}],"curies":[{"name":"wp","href":"https:\/\/api.w.org\/{rel}","templated":true}]}}