{"id":6292,"date":"2021-12-16T15:46:44","date_gmt":"2021-12-16T18:46:44","guid":{"rendered":"https:\/\/www.museuhistoricosl.com.br\/novosite\/produto\/rs051-fd-0370\/"},"modified":"2021-12-16T15:46:44","modified_gmt":"2021-12-16T18:46:44","slug":"rs051-fd-0370","status":"publish","type":"product","link":"https:\/\/www.museuhistoricosl.com.br\/loja\/produto\/rs051-fd-0370\/","title":{"rendered":"RS051-FD-0370"},"content":{"rendered":"<p>Futuras instala\u00e7\u00f5es de porto pertencente \u00e1 Abastecedora de Comb. Irm\u00e3os Hoff; Outros munic\u00edpios do Rio Grande do Sul; <\/p>\n","protected":false},"excerpt":{"rendered":"<p>Futuras instala\u00e7\u00f5es de porto pertencente \u00e1 Abastecedora de Comb. Irm\u00e3os Hoff; Outros munic\u00edpios do Rio Grande do Sul;<\/p>\n","protected":false},"featured_media":6291,"comment_status":"open","ping_status":"closed","template":"","meta":{"_acf_changed":false},"product_cat":[40],"product_tag":[],"class_list":["post-6292","product","type-product","status-publish","has-post-thumbnail","hentry","product_cat-outros-municipios-do-rio-grande-do-sul"],"acf":[],"_links":{"self":[{"href":"https:\/\/www.museuhistoricosl.com.br\/loja\/wp-json\/wp\/v2\/product\/6292","targetHints":{"allow":["GET"]}}],"collection":[{"href":"https:\/\/www.museuhistoricosl.com.br\/loja\/wp-json\/wp\/v2\/product"}],"about":[{"href":"https:\/\/www.museuhistoricosl.com.br\/loja\/wp-json\/wp\/v2\/types\/product"}],"replies":[{"embeddable":true,"href":"https:\/\/www.museuhistoricosl.com.br\/loja\/wp-json\/wp\/v2\/comments?post=6292"}],"wp:featuredmedia":[{"embeddable":true,"href":"https:\/\/www.museuhistoricosl.com.br\/loja\/wp-json\/wp\/v2\/media\/6291"}],"wp:attachment":[{"href":"https:\/\/www.museuhistoricosl.com.br\/loja\/wp-json\/wp\/v2\/media?parent=6292"}],"wp:term":[{"taxonomy":"product_cat","embeddable":true,"href":"https:\/\/www.museuhistoricosl.com.br\/loja\/wp-json\/wp\/v2\/product_cat?post=6292"},{"taxonomy":"product_tag","embeddable":true,"href":"https:\/\/www.museuhistoricosl.com.br\/loja\/wp-json\/wp\/v2\/product_tag?post=6292"}],"curies":[{"name":"wp","href":"https:\/\/api.w.org\/{rel}","templated":true}]}}