{"id":62885,"date":"2022-01-28T07:44:50","date_gmt":"2022-01-28T10:44:50","guid":{"rendered":"https:\/\/www.museuhistoricosl.com.br\/loja\/produto\/sl001-fd-0053\/"},"modified":"2022-01-28T07:44:50","modified_gmt":"2022-01-28T10:44:50","slug":"sl001-fd-0053","status":"publish","type":"product","link":"https:\/\/www.museuhistoricosl.com.br\/loja\/produto\/sl001-fd-0053\/","title":{"rendered":"SL001-FD-0053"},"content":{"rendered":"<p>Salto da Morte da Festa do Ros\u00e1rio 1927 &#8211; Doador Edithe Wolffenb\u00fcttel &#8211; C\u00f3digo anterior de cat\u00e1logo:FD-1,53; Zeppelin; <\/p>\n","protected":false},"excerpt":{"rendered":"<p>Salto da Morte da Festa do Ros\u00e1rio 1927 &#8211; Doador Edithe Wolffenb\u00fcttel &#8211; C\u00f3digo anterior de cat\u00e1logo:FD-1,53; Zeppelin;<\/p>\n","protected":false},"featured_media":62884,"comment_status":"open","ping_status":"closed","template":"","meta":{"_acf_changed":false},"product_cat":[131],"product_tag":[],"class_list":["post-62885","product","type-product","status-publish","has-post-thumbnail","hentry","product_cat-zeppelin"],"acf":[],"_links":{"self":[{"href":"https:\/\/www.museuhistoricosl.com.br\/loja\/wp-json\/wp\/v2\/product\/62885","targetHints":{"allow":["GET"]}}],"collection":[{"href":"https:\/\/www.museuhistoricosl.com.br\/loja\/wp-json\/wp\/v2\/product"}],"about":[{"href":"https:\/\/www.museuhistoricosl.com.br\/loja\/wp-json\/wp\/v2\/types\/product"}],"replies":[{"embeddable":true,"href":"https:\/\/www.museuhistoricosl.com.br\/loja\/wp-json\/wp\/v2\/comments?post=62885"}],"wp:featuredmedia":[{"embeddable":true,"href":"https:\/\/www.museuhistoricosl.com.br\/loja\/wp-json\/wp\/v2\/media\/62884"}],"wp:attachment":[{"href":"https:\/\/www.museuhistoricosl.com.br\/loja\/wp-json\/wp\/v2\/media?parent=62885"}],"wp:term":[{"taxonomy":"product_cat","embeddable":true,"href":"https:\/\/www.museuhistoricosl.com.br\/loja\/wp-json\/wp\/v2\/product_cat?post=62885"},{"taxonomy":"product_tag","embeddable":true,"href":"https:\/\/www.museuhistoricosl.com.br\/loja\/wp-json\/wp\/v2\/product_tag?post=62885"}],"curies":[{"name":"wp","href":"https:\/\/api.w.org\/{rel}","templated":true}]}}