{"id":62869,"date":"2022-01-28T07:44:37","date_gmt":"2022-01-28T10:44:37","guid":{"rendered":"https:\/\/www.museuhistoricosl.com.br\/loja\/produto\/sl001-fd-0045\/"},"modified":"2022-01-28T07:44:37","modified_gmt":"2022-01-28T10:44:37","slug":"sl001-fd-0045","status":"publish","type":"product","link":"https:\/\/www.museuhistoricosl.com.br\/loja\/produto\/sl001-fd-0045\/","title":{"rendered":"SL001-FD-0045"},"content":{"rendered":"<p>Flagrante do famoso \u201csalto da morte\u201d realizado na pra\u00e7a 20 de setembro (S\u00e3o Leopoldo), por ocasi\u00e3o dos festejos de Nossa Senhora da Concei\u00e7\u00e3o em 10 de outubro de 1927. Um carro daria um salto sobre outro, sobre o qual repousava um trampolim de madeira que, n\u00e3o resistindo, causou a morte do motorista Miguel Azambuja. &#8211; C\u00f3digo anterior de cat\u00e1logo:FD 1,45; Zeppelin; <\/p>\n","protected":false},"excerpt":{"rendered":"<p>Flagrante do famoso \u201csalto da morte\u201d realizado na pra\u00e7a 20 de setembro (S\u00e3o Leopoldo), por ocasi\u00e3o dos festejos de Nossa<\/p>\n","protected":false},"featured_media":62868,"comment_status":"open","ping_status":"closed","template":"","meta":{"_acf_changed":false},"product_cat":[131],"product_tag":[],"class_list":["post-62869","product","type-product","status-publish","has-post-thumbnail","hentry","product_cat-zeppelin"],"acf":[],"_links":{"self":[{"href":"https:\/\/www.museuhistoricosl.com.br\/loja\/wp-json\/wp\/v2\/product\/62869","targetHints":{"allow":["GET"]}}],"collection":[{"href":"https:\/\/www.museuhistoricosl.com.br\/loja\/wp-json\/wp\/v2\/product"}],"about":[{"href":"https:\/\/www.museuhistoricosl.com.br\/loja\/wp-json\/wp\/v2\/types\/product"}],"replies":[{"embeddable":true,"href":"https:\/\/www.museuhistoricosl.com.br\/loja\/wp-json\/wp\/v2\/comments?post=62869"}],"wp:featuredmedia":[{"embeddable":true,"href":"https:\/\/www.museuhistoricosl.com.br\/loja\/wp-json\/wp\/v2\/media\/62868"}],"wp:attachment":[{"href":"https:\/\/www.museuhistoricosl.com.br\/loja\/wp-json\/wp\/v2\/media?parent=62869"}],"wp:term":[{"taxonomy":"product_cat","embeddable":true,"href":"https:\/\/www.museuhistoricosl.com.br\/loja\/wp-json\/wp\/v2\/product_cat?post=62869"},{"taxonomy":"product_tag","embeddable":true,"href":"https:\/\/www.museuhistoricosl.com.br\/loja\/wp-json\/wp\/v2\/product_tag?post=62869"}],"curies":[{"name":"wp","href":"https:\/\/api.w.org\/{rel}","templated":true}]}}