{"id":62837,"date":"2022-01-28T07:44:14","date_gmt":"2022-01-28T10:44:14","guid":{"rendered":"https:\/\/www.museuhistoricosl.com.br\/loja\/produto\/sl001-fd-0029\/"},"modified":"2022-01-28T07:44:14","modified_gmt":"2022-01-28T10:44:14","slug":"sl001-fd-0029","status":"publish","type":"product","link":"https:\/\/www.museuhistoricosl.com.br\/loja\/produto\/sl001-fd-0029\/","title":{"rendered":"SL001-FD-0029"},"content":{"rendered":"<p>Grande bal\u00e3o feito por populares ao ser preenchido de g\u00e1s em frente \u00e0 atual Rodovi\u00e1ria em S\u00e3o Leopoldo, ao fundo atual antiga sede da Unisinos. &#8211; C\u00f3digo anterior de cat\u00e1logo:FD 1,29; Zeppelin; <\/p>\n","protected":false},"excerpt":{"rendered":"<p>Grande bal\u00e3o feito por populares ao ser preenchido de g\u00e1s em frente \u00e0 atual Rodovi\u00e1ria em S\u00e3o Leopoldo, ao fundo<\/p>\n","protected":false},"featured_media":62836,"comment_status":"open","ping_status":"closed","template":"","meta":{"_acf_changed":false},"product_cat":[131],"product_tag":[],"class_list":["post-62837","product","type-product","status-publish","has-post-thumbnail","hentry","product_cat-zeppelin"],"acf":[],"_links":{"self":[{"href":"https:\/\/www.museuhistoricosl.com.br\/loja\/wp-json\/wp\/v2\/product\/62837","targetHints":{"allow":["GET"]}}],"collection":[{"href":"https:\/\/www.museuhistoricosl.com.br\/loja\/wp-json\/wp\/v2\/product"}],"about":[{"href":"https:\/\/www.museuhistoricosl.com.br\/loja\/wp-json\/wp\/v2\/types\/product"}],"replies":[{"embeddable":true,"href":"https:\/\/www.museuhistoricosl.com.br\/loja\/wp-json\/wp\/v2\/comments?post=62837"}],"wp:featuredmedia":[{"embeddable":true,"href":"https:\/\/www.museuhistoricosl.com.br\/loja\/wp-json\/wp\/v2\/media\/62836"}],"wp:attachment":[{"href":"https:\/\/www.museuhistoricosl.com.br\/loja\/wp-json\/wp\/v2\/media?parent=62837"}],"wp:term":[{"taxonomy":"product_cat","embeddable":true,"href":"https:\/\/www.museuhistoricosl.com.br\/loja\/wp-json\/wp\/v2\/product_cat?post=62837"},{"taxonomy":"product_tag","embeddable":true,"href":"https:\/\/www.museuhistoricosl.com.br\/loja\/wp-json\/wp\/v2\/product_tag?post=62837"}],"curies":[{"name":"wp","href":"https:\/\/api.w.org\/{rel}","templated":true}]}}