{"id":62825,"date":"2022-01-28T07:44:07","date_gmt":"2022-01-28T10:44:07","guid":{"rendered":"https:\/\/www.museuhistoricosl.com.br\/loja\/produto\/sl001-fd-0023\/"},"modified":"2022-01-28T07:44:07","modified_gmt":"2022-01-28T10:44:07","slug":"sl001-fd-0023","status":"publish","type":"product","link":"https:\/\/www.museuhistoricosl.com.br\/loja\/produto\/sl001-fd-0023\/","title":{"rendered":"SL001-FD-0023"},"content":{"rendered":"<p>Voo do Zeppelin, 29\/06\/1934, n\u00e3o foi poss\u00edvel identificar o local &#8211; C\u00f3digo anterior de cat\u00e1logo:FD 1,23; Zeppelin; <\/p>\n","protected":false},"excerpt":{"rendered":"<p>Voo do Zeppelin, 29\/06\/1934, n\u00e3o foi poss\u00edvel identificar o local &#8211; C\u00f3digo anterior de cat\u00e1logo:FD 1,23; Zeppelin;<\/p>\n","protected":false},"featured_media":62824,"comment_status":"open","ping_status":"closed","template":"","meta":{"_acf_changed":false},"product_cat":[131],"product_tag":[],"class_list":["post-62825","product","type-product","status-publish","has-post-thumbnail","hentry","product_cat-zeppelin"],"acf":[],"_links":{"self":[{"href":"https:\/\/www.museuhistoricosl.com.br\/loja\/wp-json\/wp\/v2\/product\/62825","targetHints":{"allow":["GET"]}}],"collection":[{"href":"https:\/\/www.museuhistoricosl.com.br\/loja\/wp-json\/wp\/v2\/product"}],"about":[{"href":"https:\/\/www.museuhistoricosl.com.br\/loja\/wp-json\/wp\/v2\/types\/product"}],"replies":[{"embeddable":true,"href":"https:\/\/www.museuhistoricosl.com.br\/loja\/wp-json\/wp\/v2\/comments?post=62825"}],"wp:featuredmedia":[{"embeddable":true,"href":"https:\/\/www.museuhistoricosl.com.br\/loja\/wp-json\/wp\/v2\/media\/62824"}],"wp:attachment":[{"href":"https:\/\/www.museuhistoricosl.com.br\/loja\/wp-json\/wp\/v2\/media?parent=62825"}],"wp:term":[{"taxonomy":"product_cat","embeddable":true,"href":"https:\/\/www.museuhistoricosl.com.br\/loja\/wp-json\/wp\/v2\/product_cat?post=62825"},{"taxonomy":"product_tag","embeddable":true,"href":"https:\/\/www.museuhistoricosl.com.br\/loja\/wp-json\/wp\/v2\/product_tag?post=62825"}],"curies":[{"name":"wp","href":"https:\/\/api.w.org\/{rel}","templated":true}]}}