{"id":62819,"date":"2022-01-28T07:44:04","date_gmt":"2022-01-28T10:44:04","guid":{"rendered":"https:\/\/www.museuhistoricosl.com.br\/loja\/produto\/sl001-fd-0020\/"},"modified":"2022-01-28T07:44:04","modified_gmt":"2022-01-28T10:44:04","slug":"sl001-fd-0020","status":"publish","type":"product","link":"https:\/\/www.museuhistoricosl.com.br\/loja\/produto\/sl001-fd-0020\/","title":{"rendered":"SL001-FD-0020"},"content":{"rendered":"<p>Voo do Zeppelin sobre Porto Alegre, pra\u00e7a da matriz, 1934. &#8211; C\u00f3digo anterior de cat\u00e1logo:FD 1,20; Zeppelin; <\/p>\n","protected":false},"excerpt":{"rendered":"<p>Voo do Zeppelin sobre Porto Alegre, pra\u00e7a da matriz, 1934. &#8211; C\u00f3digo anterior de cat\u00e1logo:FD 1,20; Zeppelin;<\/p>\n","protected":false},"featured_media":62818,"comment_status":"open","ping_status":"closed","template":"","meta":{"_acf_changed":false},"product_cat":[131],"product_tag":[],"class_list":["post-62819","product","type-product","status-publish","has-post-thumbnail","hentry","product_cat-zeppelin"],"acf":[],"_links":{"self":[{"href":"https:\/\/www.museuhistoricosl.com.br\/loja\/wp-json\/wp\/v2\/product\/62819","targetHints":{"allow":["GET"]}}],"collection":[{"href":"https:\/\/www.museuhistoricosl.com.br\/loja\/wp-json\/wp\/v2\/product"}],"about":[{"href":"https:\/\/www.museuhistoricosl.com.br\/loja\/wp-json\/wp\/v2\/types\/product"}],"replies":[{"embeddable":true,"href":"https:\/\/www.museuhistoricosl.com.br\/loja\/wp-json\/wp\/v2\/comments?post=62819"}],"wp:featuredmedia":[{"embeddable":true,"href":"https:\/\/www.museuhistoricosl.com.br\/loja\/wp-json\/wp\/v2\/media\/62818"}],"wp:attachment":[{"href":"https:\/\/www.museuhistoricosl.com.br\/loja\/wp-json\/wp\/v2\/media?parent=62819"}],"wp:term":[{"taxonomy":"product_cat","embeddable":true,"href":"https:\/\/www.museuhistoricosl.com.br\/loja\/wp-json\/wp\/v2\/product_cat?post=62819"},{"taxonomy":"product_tag","embeddable":true,"href":"https:\/\/www.museuhistoricosl.com.br\/loja\/wp-json\/wp\/v2\/product_tag?post=62819"}],"curies":[{"name":"wp","href":"https:\/\/api.w.org\/{rel}","templated":true}]}}