{"id":62797,"date":"2022-01-28T07:43:47","date_gmt":"2022-01-28T10:43:47","guid":{"rendered":"https:\/\/www.museuhistoricosl.com.br\/loja\/produto\/sl001-fd-0009\/"},"modified":"2022-01-28T07:43:47","modified_gmt":"2022-01-28T10:43:47","slug":"sl001-fd-0009","status":"publish","type":"product","link":"https:\/\/www.museuhistoricosl.com.br\/loja\/produto\/sl001-fd-0009\/","title":{"rendered":"SL001-FD-0009"},"content":{"rendered":"<p>Vista interna do Zeppelin \u2013 Lavat\u00f3rio. &#8211; C\u00f3digo anterior de cat\u00e1logo:FD 1,9; Zeppelin; <\/p>\n","protected":false},"excerpt":{"rendered":"<p>Vista interna do Zeppelin \u2013 Lavat\u00f3rio. &#8211; C\u00f3digo anterior de cat\u00e1logo:FD 1,9; Zeppelin;<\/p>\n","protected":false},"featured_media":62796,"comment_status":"open","ping_status":"closed","template":"","meta":{"_acf_changed":false},"product_cat":[131],"product_tag":[],"class_list":["post-62797","product","type-product","status-publish","has-post-thumbnail","hentry","product_cat-zeppelin"],"acf":[],"_links":{"self":[{"href":"https:\/\/www.museuhistoricosl.com.br\/loja\/wp-json\/wp\/v2\/product\/62797","targetHints":{"allow":["GET"]}}],"collection":[{"href":"https:\/\/www.museuhistoricosl.com.br\/loja\/wp-json\/wp\/v2\/product"}],"about":[{"href":"https:\/\/www.museuhistoricosl.com.br\/loja\/wp-json\/wp\/v2\/types\/product"}],"replies":[{"embeddable":true,"href":"https:\/\/www.museuhistoricosl.com.br\/loja\/wp-json\/wp\/v2\/comments?post=62797"}],"wp:featuredmedia":[{"embeddable":true,"href":"https:\/\/www.museuhistoricosl.com.br\/loja\/wp-json\/wp\/v2\/media\/62796"}],"wp:attachment":[{"href":"https:\/\/www.museuhistoricosl.com.br\/loja\/wp-json\/wp\/v2\/media?parent=62797"}],"wp:term":[{"taxonomy":"product_cat","embeddable":true,"href":"https:\/\/www.museuhistoricosl.com.br\/loja\/wp-json\/wp\/v2\/product_cat?post=62797"},{"taxonomy":"product_tag","embeddable":true,"href":"https:\/\/www.museuhistoricosl.com.br\/loja\/wp-json\/wp\/v2\/product_tag?post=62797"}],"curies":[{"name":"wp","href":"https:\/\/api.w.org\/{rel}","templated":true}]}}