{"id":6279,"date":"2021-12-16T15:27:45","date_gmt":"2021-12-16T18:27:45","guid":{"rendered":"https:\/\/www.museuhistoricosl.com.br\/novosite\/produto\/sl032-fd-0680\/"},"modified":"2021-12-16T15:27:45","modified_gmt":"2021-12-16T18:27:45","slug":"sl032-fd-0680","status":"publish","type":"product","link":"https:\/\/www.museuhistoricosl.com.br\/loja\/produto\/sl032-fd-0680\/","title":{"rendered":"SL032-FD-0680"},"content":{"rendered":"<p>Alagamentos em S\u00e3o Leopoldo, Avenida Jo\u00e3o Corr\u00eaa, Foto Silvio, 12\/1988; Enchentes; <\/p>\n","protected":false},"excerpt":{"rendered":"<p>Alagamentos em S\u00e3o Leopoldo, Avenida Jo\u00e3o Corr\u00eaa, Foto Silvio, 12\/1988; Enchentes;<\/p>\n","protected":false},"featured_media":6278,"comment_status":"open","ping_status":"closed","template":"","meta":{"_acf_changed":false},"product_cat":[39],"product_tag":[],"class_list":["post-6279","product","type-product","status-publish","has-post-thumbnail","hentry","product_cat-enchentes"],"acf":[],"_links":{"self":[{"href":"https:\/\/www.museuhistoricosl.com.br\/loja\/wp-json\/wp\/v2\/product\/6279","targetHints":{"allow":["GET"]}}],"collection":[{"href":"https:\/\/www.museuhistoricosl.com.br\/loja\/wp-json\/wp\/v2\/product"}],"about":[{"href":"https:\/\/www.museuhistoricosl.com.br\/loja\/wp-json\/wp\/v2\/types\/product"}],"replies":[{"embeddable":true,"href":"https:\/\/www.museuhistoricosl.com.br\/loja\/wp-json\/wp\/v2\/comments?post=6279"}],"wp:featuredmedia":[{"embeddable":true,"href":"https:\/\/www.museuhistoricosl.com.br\/loja\/wp-json\/wp\/v2\/media\/6278"}],"wp:attachment":[{"href":"https:\/\/www.museuhistoricosl.com.br\/loja\/wp-json\/wp\/v2\/media?parent=6279"}],"wp:term":[{"taxonomy":"product_cat","embeddable":true,"href":"https:\/\/www.museuhistoricosl.com.br\/loja\/wp-json\/wp\/v2\/product_cat?post=6279"},{"taxonomy":"product_tag","embeddable":true,"href":"https:\/\/www.museuhistoricosl.com.br\/loja\/wp-json\/wp\/v2\/product_tag?post=6279"}],"curies":[{"name":"wp","href":"https:\/\/api.w.org\/{rel}","templated":true}]}}