{"id":62785,"date":"2022-01-28T07:43:39","date_gmt":"2022-01-28T10:43:39","guid":{"rendered":"https:\/\/www.museuhistoricosl.com.br\/loja\/produto\/sl001-fd-0003\/"},"modified":"2022-01-28T07:43:39","modified_gmt":"2022-01-28T10:43:39","slug":"sl001-fd-0003","status":"publish","type":"product","link":"https:\/\/www.museuhistoricosl.com.br\/loja\/produto\/sl001-fd-0003\/","title":{"rendered":"SL001-FD-0003"},"content":{"rendered":"<p>Chuva de pedra, 1943, rua Independ\u00eancia esquina Jo\u00e3o Neves. &#8211; C\u00f3digo anterior de cat\u00e1logo:FD 1,3; Zeppelin; <\/p>\n","protected":false},"excerpt":{"rendered":"<p>Chuva de pedra, 1943, rua Independ\u00eancia esquina Jo\u00e3o Neves. &#8211; C\u00f3digo anterior de cat\u00e1logo:FD 1,3; Zeppelin;<\/p>\n","protected":false},"featured_media":62784,"comment_status":"open","ping_status":"closed","template":"","meta":{"_acf_changed":false},"product_cat":[131],"product_tag":[],"class_list":["post-62785","product","type-product","status-publish","has-post-thumbnail","hentry","product_cat-zeppelin"],"acf":[],"_links":{"self":[{"href":"https:\/\/www.museuhistoricosl.com.br\/loja\/wp-json\/wp\/v2\/product\/62785","targetHints":{"allow":["GET"]}}],"collection":[{"href":"https:\/\/www.museuhistoricosl.com.br\/loja\/wp-json\/wp\/v2\/product"}],"about":[{"href":"https:\/\/www.museuhistoricosl.com.br\/loja\/wp-json\/wp\/v2\/types\/product"}],"replies":[{"embeddable":true,"href":"https:\/\/www.museuhistoricosl.com.br\/loja\/wp-json\/wp\/v2\/comments?post=62785"}],"wp:featuredmedia":[{"embeddable":true,"href":"https:\/\/www.museuhistoricosl.com.br\/loja\/wp-json\/wp\/v2\/media\/62784"}],"wp:attachment":[{"href":"https:\/\/www.museuhistoricosl.com.br\/loja\/wp-json\/wp\/v2\/media?parent=62785"}],"wp:term":[{"taxonomy":"product_cat","embeddable":true,"href":"https:\/\/www.museuhistoricosl.com.br\/loja\/wp-json\/wp\/v2\/product_cat?post=62785"},{"taxonomy":"product_tag","embeddable":true,"href":"https:\/\/www.museuhistoricosl.com.br\/loja\/wp-json\/wp\/v2\/product_tag?post=62785"}],"curies":[{"name":"wp","href":"https:\/\/api.w.org\/{rel}","templated":true}]}}