{"id":62702,"date":"2022-01-27T15:23:24","date_gmt":"2022-01-27T18:23:24","guid":{"rendered":"https:\/\/www.museuhistoricosl.com.br\/loja\/produto\/sl150-fd-0624\/"},"modified":"2022-01-27T15:23:24","modified_gmt":"2022-01-27T18:23:24","slug":"sl150-fd-0624","status":"publish","type":"product","link":"https:\/\/www.museuhistoricosl.com.br\/loja\/produto\/sl150-fd-0624\/","title":{"rendered":"SL150-FD-0624"},"content":{"rendered":"<p>Estudantes de Comunica\u00e7\u00e3o Social de todo Pa\u00eds reunidos no 1\u00ba Congresso de Estudantes de Comunica\u00e7\u00e3o Social, na Unisinos, Edi\u00e7\u00e3o 14\/01\/1994, Foto Robinson; Unisinos; <\/p>\n","protected":false},"excerpt":{"rendered":"<p>Estudantes de Comunica\u00e7\u00e3o Social de todo Pa\u00eds reunidos no 1\u00ba Congresso de Estudantes de Comunica\u00e7\u00e3o Social, na Unisinos, Edi\u00e7\u00e3o 14\/01\/1994,<\/p>\n","protected":false},"featured_media":62701,"comment_status":"open","ping_status":"closed","template":"","meta":{"_acf_changed":false},"product_cat":[129],"product_tag":[],"class_list":["post-62702","product","type-product","status-publish","has-post-thumbnail","hentry","product_cat-unisinos"],"acf":[],"_links":{"self":[{"href":"https:\/\/www.museuhistoricosl.com.br\/loja\/wp-json\/wp\/v2\/product\/62702","targetHints":{"allow":["GET"]}}],"collection":[{"href":"https:\/\/www.museuhistoricosl.com.br\/loja\/wp-json\/wp\/v2\/product"}],"about":[{"href":"https:\/\/www.museuhistoricosl.com.br\/loja\/wp-json\/wp\/v2\/types\/product"}],"replies":[{"embeddable":true,"href":"https:\/\/www.museuhistoricosl.com.br\/loja\/wp-json\/wp\/v2\/comments?post=62702"}],"wp:featuredmedia":[{"embeddable":true,"href":"https:\/\/www.museuhistoricosl.com.br\/loja\/wp-json\/wp\/v2\/media\/62701"}],"wp:attachment":[{"href":"https:\/\/www.museuhistoricosl.com.br\/loja\/wp-json\/wp\/v2\/media?parent=62702"}],"wp:term":[{"taxonomy":"product_cat","embeddable":true,"href":"https:\/\/www.museuhistoricosl.com.br\/loja\/wp-json\/wp\/v2\/product_cat?post=62702"},{"taxonomy":"product_tag","embeddable":true,"href":"https:\/\/www.museuhistoricosl.com.br\/loja\/wp-json\/wp\/v2\/product_tag?post=62702"}],"curies":[{"name":"wp","href":"https:\/\/api.w.org\/{rel}","templated":true}]}}