{"id":62544,"date":"2022-01-27T15:21:06","date_gmt":"2022-01-27T18:21:06","guid":{"rendered":"https:\/\/www.museuhistoricosl.com.br\/loja\/produto\/sl150-fd-0545\/"},"modified":"2022-01-27T15:21:06","modified_gmt":"2022-01-27T18:21:06","slug":"sl150-fd-0545","status":"publish","type":"product","link":"https:\/\/www.museuhistoricosl.com.br\/loja\/produto\/sl150-fd-0545\/","title":{"rendered":"SL150-FD-0545"},"content":{"rendered":"<p>PAAS &#8211; Programa de Aten\u00e7\u00e3o Ampliada \u00e0 Sa\u00fade, Projeto PAAS, Alfabetiza\u00e7\u00e3o Unisinos; Unisinos; <\/p>\n","protected":false},"excerpt":{"rendered":"<p>PAAS &#8211; Programa de Aten\u00e7\u00e3o Ampliada \u00e0 Sa\u00fade, Projeto PAAS, Alfabetiza\u00e7\u00e3o Unisinos; Unisinos;<\/p>\n","protected":false},"featured_media":62543,"comment_status":"open","ping_status":"closed","template":"","meta":{"_acf_changed":false},"product_cat":[129],"product_tag":[],"class_list":["post-62544","product","type-product","status-publish","has-post-thumbnail","hentry","product_cat-unisinos"],"acf":[],"_links":{"self":[{"href":"https:\/\/www.museuhistoricosl.com.br\/loja\/wp-json\/wp\/v2\/product\/62544","targetHints":{"allow":["GET"]}}],"collection":[{"href":"https:\/\/www.museuhistoricosl.com.br\/loja\/wp-json\/wp\/v2\/product"}],"about":[{"href":"https:\/\/www.museuhistoricosl.com.br\/loja\/wp-json\/wp\/v2\/types\/product"}],"replies":[{"embeddable":true,"href":"https:\/\/www.museuhistoricosl.com.br\/loja\/wp-json\/wp\/v2\/comments?post=62544"}],"wp:featuredmedia":[{"embeddable":true,"href":"https:\/\/www.museuhistoricosl.com.br\/loja\/wp-json\/wp\/v2\/media\/62543"}],"wp:attachment":[{"href":"https:\/\/www.museuhistoricosl.com.br\/loja\/wp-json\/wp\/v2\/media?parent=62544"}],"wp:term":[{"taxonomy":"product_cat","embeddable":true,"href":"https:\/\/www.museuhistoricosl.com.br\/loja\/wp-json\/wp\/v2\/product_cat?post=62544"},{"taxonomy":"product_tag","embeddable":true,"href":"https:\/\/www.museuhistoricosl.com.br\/loja\/wp-json\/wp\/v2\/product_tag?post=62544"}],"curies":[{"name":"wp","href":"https:\/\/api.w.org\/{rel}","templated":true}]}}