{"id":6235,"date":"2021-12-16T15:27:35","date_gmt":"2021-12-16T18:27:35","guid":{"rendered":"https:\/\/www.museuhistoricosl.com.br\/novosite\/produto\/sl032-fd-0658\/"},"modified":"2021-12-16T15:27:35","modified_gmt":"2021-12-16T18:27:35","slug":"sl032-fd-0658","status":"publish","type":"product","link":"https:\/\/www.museuhistoricosl.com.br\/loja\/produto\/sl032-fd-0658\/","title":{"rendered":"SL032-FD-0658"},"content":{"rendered":"<p>Enchente de 08\/1983, caminh\u00e3o removendo m\u00f3veis, Volta \u00e0s acasa, 09\/08\/1983; Enchentes; <\/p>\n","protected":false},"excerpt":{"rendered":"<p>Enchente de 08\/1983, caminh\u00e3o removendo m\u00f3veis, Volta \u00e0s acasa, 09\/08\/1983; Enchentes;<\/p>\n","protected":false},"featured_media":6234,"comment_status":"open","ping_status":"closed","template":"","meta":{"_acf_changed":false},"product_cat":[39],"product_tag":[],"class_list":["post-6235","product","type-product","status-publish","has-post-thumbnail","hentry","product_cat-enchentes"],"acf":[],"_links":{"self":[{"href":"https:\/\/www.museuhistoricosl.com.br\/loja\/wp-json\/wp\/v2\/product\/6235","targetHints":{"allow":["GET"]}}],"collection":[{"href":"https:\/\/www.museuhistoricosl.com.br\/loja\/wp-json\/wp\/v2\/product"}],"about":[{"href":"https:\/\/www.museuhistoricosl.com.br\/loja\/wp-json\/wp\/v2\/types\/product"}],"replies":[{"embeddable":true,"href":"https:\/\/www.museuhistoricosl.com.br\/loja\/wp-json\/wp\/v2\/comments?post=6235"}],"wp:featuredmedia":[{"embeddable":true,"href":"https:\/\/www.museuhistoricosl.com.br\/loja\/wp-json\/wp\/v2\/media\/6234"}],"wp:attachment":[{"href":"https:\/\/www.museuhistoricosl.com.br\/loja\/wp-json\/wp\/v2\/media?parent=6235"}],"wp:term":[{"taxonomy":"product_cat","embeddable":true,"href":"https:\/\/www.museuhistoricosl.com.br\/loja\/wp-json\/wp\/v2\/product_cat?post=6235"},{"taxonomy":"product_tag","embeddable":true,"href":"https:\/\/www.museuhistoricosl.com.br\/loja\/wp-json\/wp\/v2\/product_tag?post=6235"}],"curies":[{"name":"wp","href":"https:\/\/api.w.org\/{rel}","templated":true}]}}