{"id":6233,"date":"2021-12-16T15:27:34","date_gmt":"2021-12-16T18:27:34","guid":{"rendered":"https:\/\/www.museuhistoricosl.com.br\/novosite\/produto\/sl032-fd-0657\/"},"modified":"2021-12-16T15:27:34","modified_gmt":"2021-12-16T18:27:34","slug":"sl032-fd-0657","status":"publish","type":"product","link":"https:\/\/www.museuhistoricosl.com.br\/loja\/produto\/sl032-fd-0657\/","title":{"rendered":"SL032-FD-0657"},"content":{"rendered":"<p>Enchente em S\u00e3o Leopoldo, Fam\u00edlia chegando no Centro de Recrea\u00e7\u00e3o, 10\/07\/1983; Enchentes; <\/p>\n","protected":false},"excerpt":{"rendered":"<p>Enchente em S\u00e3o Leopoldo, Fam\u00edlia chegando no Centro de Recrea\u00e7\u00e3o, 10\/07\/1983; Enchentes;<\/p>\n","protected":false},"featured_media":6232,"comment_status":"open","ping_status":"closed","template":"","meta":{"_acf_changed":false},"product_cat":[39],"product_tag":[],"class_list":["post-6233","product","type-product","status-publish","has-post-thumbnail","hentry","product_cat-enchentes"],"acf":[],"_links":{"self":[{"href":"https:\/\/www.museuhistoricosl.com.br\/loja\/wp-json\/wp\/v2\/product\/6233","targetHints":{"allow":["GET"]}}],"collection":[{"href":"https:\/\/www.museuhistoricosl.com.br\/loja\/wp-json\/wp\/v2\/product"}],"about":[{"href":"https:\/\/www.museuhistoricosl.com.br\/loja\/wp-json\/wp\/v2\/types\/product"}],"replies":[{"embeddable":true,"href":"https:\/\/www.museuhistoricosl.com.br\/loja\/wp-json\/wp\/v2\/comments?post=6233"}],"wp:featuredmedia":[{"embeddable":true,"href":"https:\/\/www.museuhistoricosl.com.br\/loja\/wp-json\/wp\/v2\/media\/6232"}],"wp:attachment":[{"href":"https:\/\/www.museuhistoricosl.com.br\/loja\/wp-json\/wp\/v2\/media?parent=6233"}],"wp:term":[{"taxonomy":"product_cat","embeddable":true,"href":"https:\/\/www.museuhistoricosl.com.br\/loja\/wp-json\/wp\/v2\/product_cat?post=6233"},{"taxonomy":"product_tag","embeddable":true,"href":"https:\/\/www.museuhistoricosl.com.br\/loja\/wp-json\/wp\/v2\/product_tag?post=6233"}],"curies":[{"name":"wp","href":"https:\/\/api.w.org\/{rel}","templated":true}]}}