{"id":6179,"date":"2021-12-16T15:27:16","date_gmt":"2021-12-16T18:27:16","guid":{"rendered":"https:\/\/www.museuhistoricosl.com.br\/novosite\/produto\/sl032-fd-0630\/"},"modified":"2021-12-16T15:27:16","modified_gmt":"2021-12-16T18:27:16","slug":"sl032-fd-0630","status":"publish","type":"product","link":"https:\/\/www.museuhistoricosl.com.br\/loja\/produto\/sl032-fd-0630\/","title":{"rendered":"SL032-FD-0630"},"content":{"rendered":"<p>Gin\u00e1sio de Esportes do Sindicato Metal\u00fargicos, Bigorn\u00e3o, 08\/1985, Foto Nilson; Enchentes; <\/p>\n","protected":false},"excerpt":{"rendered":"<p>Gin\u00e1sio de Esportes do Sindicato Metal\u00fargicos, Bigorn\u00e3o, 08\/1985, Foto Nilson; Enchentes;<\/p>\n","protected":false},"featured_media":6178,"comment_status":"open","ping_status":"closed","template":"","meta":{"_acf_changed":false},"product_cat":[39],"product_tag":[],"class_list":["post-6179","product","type-product","status-publish","has-post-thumbnail","hentry","product_cat-enchentes"],"acf":[],"_links":{"self":[{"href":"https:\/\/www.museuhistoricosl.com.br\/loja\/wp-json\/wp\/v2\/product\/6179","targetHints":{"allow":["GET"]}}],"collection":[{"href":"https:\/\/www.museuhistoricosl.com.br\/loja\/wp-json\/wp\/v2\/product"}],"about":[{"href":"https:\/\/www.museuhistoricosl.com.br\/loja\/wp-json\/wp\/v2\/types\/product"}],"replies":[{"embeddable":true,"href":"https:\/\/www.museuhistoricosl.com.br\/loja\/wp-json\/wp\/v2\/comments?post=6179"}],"wp:featuredmedia":[{"embeddable":true,"href":"https:\/\/www.museuhistoricosl.com.br\/loja\/wp-json\/wp\/v2\/media\/6178"}],"wp:attachment":[{"href":"https:\/\/www.museuhistoricosl.com.br\/loja\/wp-json\/wp\/v2\/media?parent=6179"}],"wp:term":[{"taxonomy":"product_cat","embeddable":true,"href":"https:\/\/www.museuhistoricosl.com.br\/loja\/wp-json\/wp\/v2\/product_cat?post=6179"},{"taxonomy":"product_tag","embeddable":true,"href":"https:\/\/www.museuhistoricosl.com.br\/loja\/wp-json\/wp\/v2\/product_tag?post=6179"}],"curies":[{"name":"wp","href":"https:\/\/api.w.org\/{rel}","templated":true}]}}