{"id":61728,"date":"2022-01-27T15:10:21","date_gmt":"2022-01-27T18:10:21","guid":{"rendered":"https:\/\/www.museuhistoricosl.com.br\/loja\/produto\/sl150-fd-0137\/"},"modified":"2022-01-27T15:10:21","modified_gmt":"2022-01-27T18:10:21","slug":"sl150-fd-0137","status":"publish","type":"product","link":"https:\/\/www.museuhistoricosl.com.br\/loja\/produto\/sl150-fd-0137\/","title":{"rendered":"SL150-FD-0137"},"content":{"rendered":"<p>Coral da Unisinos,apresenta\u00e7\u00e3o no Cine Independ\u00eancia nos 15 anos da Unisinos, 24\/10\/1984; Unisinos; <\/p>\n","protected":false},"excerpt":{"rendered":"<p>Coral da Unisinos,apresenta\u00e7\u00e3o no Cine Independ\u00eancia nos 15 anos da Unisinos, 24\/10\/1984; Unisinos;<\/p>\n","protected":false},"featured_media":61727,"comment_status":"open","ping_status":"closed","template":"","meta":{"_acf_changed":false},"product_cat":[129],"product_tag":[],"class_list":["post-61728","product","type-product","status-publish","has-post-thumbnail","hentry","product_cat-unisinos"],"acf":[],"_links":{"self":[{"href":"https:\/\/www.museuhistoricosl.com.br\/loja\/wp-json\/wp\/v2\/product\/61728","targetHints":{"allow":["GET"]}}],"collection":[{"href":"https:\/\/www.museuhistoricosl.com.br\/loja\/wp-json\/wp\/v2\/product"}],"about":[{"href":"https:\/\/www.museuhistoricosl.com.br\/loja\/wp-json\/wp\/v2\/types\/product"}],"replies":[{"embeddable":true,"href":"https:\/\/www.museuhistoricosl.com.br\/loja\/wp-json\/wp\/v2\/comments?post=61728"}],"wp:featuredmedia":[{"embeddable":true,"href":"https:\/\/www.museuhistoricosl.com.br\/loja\/wp-json\/wp\/v2\/media\/61727"}],"wp:attachment":[{"href":"https:\/\/www.museuhistoricosl.com.br\/loja\/wp-json\/wp\/v2\/media?parent=61728"}],"wp:term":[{"taxonomy":"product_cat","embeddable":true,"href":"https:\/\/www.museuhistoricosl.com.br\/loja\/wp-json\/wp\/v2\/product_cat?post=61728"},{"taxonomy":"product_tag","embeddable":true,"href":"https:\/\/www.museuhistoricosl.com.br\/loja\/wp-json\/wp\/v2\/product_tag?post=61728"}],"curies":[{"name":"wp","href":"https:\/\/api.w.org\/{rel}","templated":true}]}}