{"id":61658,"date":"2022-01-27T15:09:12","date_gmt":"2022-01-27T18:09:12","guid":{"rendered":"https:\/\/www.museuhistoricosl.com.br\/loja\/produto\/sl150-fd-0102\/"},"modified":"2022-01-27T15:09:12","modified_gmt":"2022-01-27T18:09:12","slug":"sl150-fd-0102","status":"publish","type":"product","link":"https:\/\/www.museuhistoricosl.com.br\/loja\/produto\/sl150-fd-0102\/","title":{"rendered":"SL150-FD-0102"},"content":{"rendered":"<p>Est\u00fadio de r\u00e1dio do Centro de Ci\u00eancias da Comunica\u00e7\u00e3o da Unisinos com novos equipamentos, 08\/1993, Foto J\u00falio; Unisinos; <\/p>\n","protected":false},"excerpt":{"rendered":"<p>Est\u00fadio de r\u00e1dio do Centro de Ci\u00eancias da Comunica\u00e7\u00e3o da Unisinos com novos equipamentos, 08\/1993, Foto J\u00falio; Unisinos;<\/p>\n","protected":false},"featured_media":61657,"comment_status":"open","ping_status":"closed","template":"","meta":{"_acf_changed":false},"product_cat":[129],"product_tag":[],"class_list":["post-61658","product","type-product","status-publish","has-post-thumbnail","hentry","product_cat-unisinos"],"acf":[],"_links":{"self":[{"href":"https:\/\/www.museuhistoricosl.com.br\/loja\/wp-json\/wp\/v2\/product\/61658","targetHints":{"allow":["GET"]}}],"collection":[{"href":"https:\/\/www.museuhistoricosl.com.br\/loja\/wp-json\/wp\/v2\/product"}],"about":[{"href":"https:\/\/www.museuhistoricosl.com.br\/loja\/wp-json\/wp\/v2\/types\/product"}],"replies":[{"embeddable":true,"href":"https:\/\/www.museuhistoricosl.com.br\/loja\/wp-json\/wp\/v2\/comments?post=61658"}],"wp:featuredmedia":[{"embeddable":true,"href":"https:\/\/www.museuhistoricosl.com.br\/loja\/wp-json\/wp\/v2\/media\/61657"}],"wp:attachment":[{"href":"https:\/\/www.museuhistoricosl.com.br\/loja\/wp-json\/wp\/v2\/media?parent=61658"}],"wp:term":[{"taxonomy":"product_cat","embeddable":true,"href":"https:\/\/www.museuhistoricosl.com.br\/loja\/wp-json\/wp\/v2\/product_cat?post=61658"},{"taxonomy":"product_tag","embeddable":true,"href":"https:\/\/www.museuhistoricosl.com.br\/loja\/wp-json\/wp\/v2\/product_tag?post=61658"}],"curies":[{"name":"wp","href":"https:\/\/api.w.org\/{rel}","templated":true}]}}