{"id":61554,"date":"2022-01-27T15:07:32","date_gmt":"2022-01-27T18:07:32","guid":{"rendered":"https:\/\/www.museuhistoricosl.com.br\/loja\/produto\/sl150-fd-0050\/"},"modified":"2022-01-27T15:07:32","modified_gmt":"2022-01-27T18:07:32","slug":"sl150-fd-0050","status":"publish","type":"product","link":"https:\/\/www.museuhistoricosl.com.br\/loja\/produto\/sl150-fd-0050\/","title":{"rendered":"SL150-FD-0050"},"content":{"rendered":"<p>Anfiteatro Padre Erner &#8211; Unisinos, Abertura do 45\u00ba Congresso Nacional de Bot\u00e2nica com o apoio da Unisinos., Presen\u00e7a do vice-governador do Estado Jo\u00e3o Gilberto Lucas Coelho (PSDB) e autoridades locais., 25\/01\/1994; Unisinos; <\/p>\n","protected":false},"excerpt":{"rendered":"<p>Anfiteatro Padre Erner &#8211; Unisinos, Abertura do 45\u00ba Congresso Nacional de Bot\u00e2nica com o apoio da Unisinos., Presen\u00e7a do vice-governador<\/p>\n","protected":false},"featured_media":61553,"comment_status":"open","ping_status":"closed","template":"","meta":{"_acf_changed":false},"product_cat":[129],"product_tag":[],"class_list":["post-61554","product","type-product","status-publish","has-post-thumbnail","hentry","product_cat-unisinos"],"acf":[],"_links":{"self":[{"href":"https:\/\/www.museuhistoricosl.com.br\/loja\/wp-json\/wp\/v2\/product\/61554","targetHints":{"allow":["GET"]}}],"collection":[{"href":"https:\/\/www.museuhistoricosl.com.br\/loja\/wp-json\/wp\/v2\/product"}],"about":[{"href":"https:\/\/www.museuhistoricosl.com.br\/loja\/wp-json\/wp\/v2\/types\/product"}],"replies":[{"embeddable":true,"href":"https:\/\/www.museuhistoricosl.com.br\/loja\/wp-json\/wp\/v2\/comments?post=61554"}],"wp:featuredmedia":[{"embeddable":true,"href":"https:\/\/www.museuhistoricosl.com.br\/loja\/wp-json\/wp\/v2\/media\/61553"}],"wp:attachment":[{"href":"https:\/\/www.museuhistoricosl.com.br\/loja\/wp-json\/wp\/v2\/media?parent=61554"}],"wp:term":[{"taxonomy":"product_cat","embeddable":true,"href":"https:\/\/www.museuhistoricosl.com.br\/loja\/wp-json\/wp\/v2\/product_cat?post=61554"},{"taxonomy":"product_tag","embeddable":true,"href":"https:\/\/www.museuhistoricosl.com.br\/loja\/wp-json\/wp\/v2\/product_tag?post=61554"}],"curies":[{"name":"wp","href":"https:\/\/api.w.org\/{rel}","templated":true}]}}