{"id":61442,"date":"2022-01-27T15:05:35","date_gmt":"2022-01-27T18:05:35","guid":{"rendered":"https:\/\/www.museuhistoricosl.com.br\/loja\/produto\/sl098-fd-0049\/"},"modified":"2022-01-27T15:05:35","modified_gmt":"2022-01-27T18:05:35","slug":"sl098-fd-0049","status":"publish","type":"product","link":"https:\/\/www.museuhistoricosl.com.br\/loja\/produto\/sl098-fd-0049\/","title":{"rendered":"SL098-FD-0049"},"content":{"rendered":"<p>N\u00e3o apresenta descri\u00e7\u00e3o no verso. &#8211; C\u00f3digo anterior de cat\u00e1logo:FD 98-49; Transportes; <\/p>\n","protected":false},"excerpt":{"rendered":"<p>N\u00e3o apresenta descri\u00e7\u00e3o no verso. &#8211; C\u00f3digo anterior de cat\u00e1logo:FD 98-49; Transportes;<\/p>\n","protected":false},"featured_media":61441,"comment_status":"open","ping_status":"closed","template":"","meta":{"_acf_changed":false},"product_cat":[128],"product_tag":[],"class_list":["post-61442","product","type-product","status-publish","has-post-thumbnail","hentry","product_cat-transportes"],"acf":[],"_links":{"self":[{"href":"https:\/\/www.museuhistoricosl.com.br\/loja\/wp-json\/wp\/v2\/product\/61442","targetHints":{"allow":["GET"]}}],"collection":[{"href":"https:\/\/www.museuhistoricosl.com.br\/loja\/wp-json\/wp\/v2\/product"}],"about":[{"href":"https:\/\/www.museuhistoricosl.com.br\/loja\/wp-json\/wp\/v2\/types\/product"}],"replies":[{"embeddable":true,"href":"https:\/\/www.museuhistoricosl.com.br\/loja\/wp-json\/wp\/v2\/comments?post=61442"}],"wp:featuredmedia":[{"embeddable":true,"href":"https:\/\/www.museuhistoricosl.com.br\/loja\/wp-json\/wp\/v2\/media\/61441"}],"wp:attachment":[{"href":"https:\/\/www.museuhistoricosl.com.br\/loja\/wp-json\/wp\/v2\/media?parent=61442"}],"wp:term":[{"taxonomy":"product_cat","embeddable":true,"href":"https:\/\/www.museuhistoricosl.com.br\/loja\/wp-json\/wp\/v2\/product_cat?post=61442"},{"taxonomy":"product_tag","embeddable":true,"href":"https:\/\/www.museuhistoricosl.com.br\/loja\/wp-json\/wp\/v2\/product_tag?post=61442"}],"curies":[{"name":"wp","href":"https:\/\/api.w.org\/{rel}","templated":true}]}}