{"id":61436,"date":"2022-01-27T15:05:23","date_gmt":"2022-01-27T18:05:23","guid":{"rendered":"https:\/\/www.museuhistoricosl.com.br\/loja\/produto\/sl098-fd-0046\/"},"modified":"2022-01-27T15:05:23","modified_gmt":"2022-01-27T18:05:23","slug":"sl098-fd-0046","status":"publish","type":"product","link":"https:\/\/www.museuhistoricosl.com.br\/loja\/produto\/sl098-fd-0046\/","title":{"rendered":"SL098-FD-0046"},"content":{"rendered":"<p>Musterreiter. Bruno Hofmann, 2\u00ba pe\u00e3o \u00e0 direita. &#8211; C\u00f3digo anterior de cat\u00e1logo:FD 98-46; Transportes; <\/p>\n","protected":false},"excerpt":{"rendered":"<p>Musterreiter. Bruno Hofmann, 2\u00ba pe\u00e3o \u00e0 direita. &#8211; C\u00f3digo anterior de cat\u00e1logo:FD 98-46; Transportes;<\/p>\n","protected":false},"featured_media":61435,"comment_status":"open","ping_status":"closed","template":"","meta":{"_acf_changed":false},"product_cat":[128],"product_tag":[],"class_list":["post-61436","product","type-product","status-publish","has-post-thumbnail","hentry","product_cat-transportes"],"acf":[],"_links":{"self":[{"href":"https:\/\/www.museuhistoricosl.com.br\/loja\/wp-json\/wp\/v2\/product\/61436","targetHints":{"allow":["GET"]}}],"collection":[{"href":"https:\/\/www.museuhistoricosl.com.br\/loja\/wp-json\/wp\/v2\/product"}],"about":[{"href":"https:\/\/www.museuhistoricosl.com.br\/loja\/wp-json\/wp\/v2\/types\/product"}],"replies":[{"embeddable":true,"href":"https:\/\/www.museuhistoricosl.com.br\/loja\/wp-json\/wp\/v2\/comments?post=61436"}],"wp:featuredmedia":[{"embeddable":true,"href":"https:\/\/www.museuhistoricosl.com.br\/loja\/wp-json\/wp\/v2\/media\/61435"}],"wp:attachment":[{"href":"https:\/\/www.museuhistoricosl.com.br\/loja\/wp-json\/wp\/v2\/media?parent=61436"}],"wp:term":[{"taxonomy":"product_cat","embeddable":true,"href":"https:\/\/www.museuhistoricosl.com.br\/loja\/wp-json\/wp\/v2\/product_cat?post=61436"},{"taxonomy":"product_tag","embeddable":true,"href":"https:\/\/www.museuhistoricosl.com.br\/loja\/wp-json\/wp\/v2\/product_tag?post=61436"}],"curies":[{"name":"wp","href":"https:\/\/api.w.org\/{rel}","templated":true}]}}