{"id":61422,"date":"2022-01-27T15:05:04","date_gmt":"2022-01-27T18:05:04","guid":{"rendered":"https:\/\/www.museuhistoricosl.com.br\/loja\/produto\/sl098-fd-0039\/"},"modified":"2022-01-27T15:05:04","modified_gmt":"2022-01-27T18:05:04","slug":"sl098-fd-0039","status":"publish","type":"product","link":"https:\/\/www.museuhistoricosl.com.br\/loja\/produto\/sl098-fd-0039\/","title":{"rendered":"SL098-FD-0039"},"content":{"rendered":"<p>Corrida de autom\u00f3vel. Foto feita por Elton Krause. O carro, segundo ele informou \u00e9 de Catarino Andreatta. &#8211; C\u00f3digo anterior de cat\u00e1logo:FD 98-39; Transportes; <\/p>\n","protected":false},"excerpt":{"rendered":"<p>Corrida de autom\u00f3vel. Foto feita por Elton Krause. O carro, segundo ele informou \u00e9 de Catarino Andreatta. &#8211; C\u00f3digo anterior<\/p>\n","protected":false},"featured_media":61421,"comment_status":"open","ping_status":"closed","template":"","meta":{"_acf_changed":false},"product_cat":[128],"product_tag":[],"class_list":["post-61422","product","type-product","status-publish","has-post-thumbnail","hentry","product_cat-transportes"],"acf":[],"_links":{"self":[{"href":"https:\/\/www.museuhistoricosl.com.br\/loja\/wp-json\/wp\/v2\/product\/61422","targetHints":{"allow":["GET"]}}],"collection":[{"href":"https:\/\/www.museuhistoricosl.com.br\/loja\/wp-json\/wp\/v2\/product"}],"about":[{"href":"https:\/\/www.museuhistoricosl.com.br\/loja\/wp-json\/wp\/v2\/types\/product"}],"replies":[{"embeddable":true,"href":"https:\/\/www.museuhistoricosl.com.br\/loja\/wp-json\/wp\/v2\/comments?post=61422"}],"wp:featuredmedia":[{"embeddable":true,"href":"https:\/\/www.museuhistoricosl.com.br\/loja\/wp-json\/wp\/v2\/media\/61421"}],"wp:attachment":[{"href":"https:\/\/www.museuhistoricosl.com.br\/loja\/wp-json\/wp\/v2\/media?parent=61422"}],"wp:term":[{"taxonomy":"product_cat","embeddable":true,"href":"https:\/\/www.museuhistoricosl.com.br\/loja\/wp-json\/wp\/v2\/product_cat?post=61422"},{"taxonomy":"product_tag","embeddable":true,"href":"https:\/\/www.museuhistoricosl.com.br\/loja\/wp-json\/wp\/v2\/product_tag?post=61422"}],"curies":[{"name":"wp","href":"https:\/\/api.w.org\/{rel}","templated":true}]}}