{"id":61382,"date":"2022-01-27T15:04:13","date_gmt":"2022-01-27T18:04:13","guid":{"rendered":"https:\/\/www.museuhistoricosl.com.br\/loja\/produto\/sl098-fd-0019\/"},"modified":"2022-01-27T15:04:13","modified_gmt":"2022-01-27T18:04:13","slug":"sl098-fd-0019","status":"publish","type":"product","link":"https:\/\/www.museuhistoricosl.com.br\/loja\/produto\/sl098-fd-0019\/","title":{"rendered":"SL098-FD-0019"},"content":{"rendered":"<p>Faixa Velha S\u00e3o Leopoldo &#8211; Sapucaia (atuais avenidas Theodomiro Porto da Fonseca &#8211; S\u00e3o Leopoldo &#8211; e Rubem Berta &#8211; Em Sapucaia) &#8211; estado de conserva\u00e7\u00e3o causa acidentes de tr\u00e2nsito (27\/09\/1983). &#8211; C\u00f3digo anterior de cat\u00e1logo:FD 98-19; Transportes; <\/p>\n","protected":false},"excerpt":{"rendered":"<p>Faixa Velha S\u00e3o Leopoldo &#8211; Sapucaia (atuais avenidas Theodomiro Porto da Fonseca &#8211; S\u00e3o Leopoldo &#8211; e Rubem Berta &#8211;<\/p>\n","protected":false},"featured_media":61381,"comment_status":"open","ping_status":"closed","template":"","meta":{"_acf_changed":false},"product_cat":[128],"product_tag":[],"class_list":["post-61382","product","type-product","status-publish","has-post-thumbnail","hentry","product_cat-transportes"],"acf":[],"_links":{"self":[{"href":"https:\/\/www.museuhistoricosl.com.br\/loja\/wp-json\/wp\/v2\/product\/61382","targetHints":{"allow":["GET"]}}],"collection":[{"href":"https:\/\/www.museuhistoricosl.com.br\/loja\/wp-json\/wp\/v2\/product"}],"about":[{"href":"https:\/\/www.museuhistoricosl.com.br\/loja\/wp-json\/wp\/v2\/types\/product"}],"replies":[{"embeddable":true,"href":"https:\/\/www.museuhistoricosl.com.br\/loja\/wp-json\/wp\/v2\/comments?post=61382"}],"wp:featuredmedia":[{"embeddable":true,"href":"https:\/\/www.museuhistoricosl.com.br\/loja\/wp-json\/wp\/v2\/media\/61381"}],"wp:attachment":[{"href":"https:\/\/www.museuhistoricosl.com.br\/loja\/wp-json\/wp\/v2\/media?parent=61382"}],"wp:term":[{"taxonomy":"product_cat","embeddable":true,"href":"https:\/\/www.museuhistoricosl.com.br\/loja\/wp-json\/wp\/v2\/product_cat?post=61382"},{"taxonomy":"product_tag","embeddable":true,"href":"https:\/\/www.museuhistoricosl.com.br\/loja\/wp-json\/wp\/v2\/product_tag?post=61382"}],"curies":[{"name":"wp","href":"https:\/\/api.w.org\/{rel}","templated":true}]}}